{"id":1089,"date":"2024-07-09T23:11:10","date_gmt":"2024-07-09T21:11:10","guid":{"rendered":"https:\/\/malumiwanga.com\/?page_id=1089"},"modified":"2025-07-08T13:34:13","modified_gmt":"2025-07-08T11:34:13","slug":"pan-svetlozeleny-2","status":"publish","type":"page","link":"https:\/\/malumiwanga.com\/?page_id=1089","title":{"rendered":"AYO &#8211; p\u00e1n svetlozelen\u00fd"},"content":{"rendered":"<p>AYO m\u00e1 dnes 1 rokov \/ 9 mesiacov \/ 10 dn\u00ed.<\/p>\n\n\n\n<ul class=\"wp-block-list\">\n<li>D\u00e1tum narodenia: 7.7.2024<\/li>\n\n\n\n<li>\u010cas narodenia: 14:20<\/li>\n\n\n\n<li>Pohlavie: pes<\/li>\n<\/ul>\n\n\n\n<hr class=\"wp-block-separator has-alpha-channel-opacity\"\/>\n\n\n\n<p class=\"has-text-align-center has-black-color has-light-green-cyan-background-color has-text-color has-background has-link-color has-medium-font-size wp-elements-3c5b6fefa74bb64f0529fa5eece2da99\"><strong>1 rok \ud83e\udd73<\/strong>\ud83c\udf89\ud83c\udf82<\/p>\n\n\n<div class=\"wp-block-image\">\n<figure class=\"aligncenter size-large\"><img loading=\"lazy\" decoding=\"async\" width=\"785\" height=\"1024\" src=\"https:\/\/malumiwanga.com\/wp-content\/uploads\/2025\/07\/AYO-785x1024.png\" alt=\"\" class=\"wp-image-1968\" srcset=\"https:\/\/malumiwanga.com\/wp-content\/uploads\/2025\/07\/AYO-785x1024.png 785w, https:\/\/malumiwanga.com\/wp-content\/uploads\/2025\/07\/AYO-230x300.png 230w, https:\/\/malumiwanga.com\/wp-content\/uploads\/2025\/07\/AYO-768x1002.png 768w, https:\/\/malumiwanga.com\/wp-content\/uploads\/2025\/07\/AYO.png 806w\" sizes=\"auto, (max-width: 785px) 100vw, 785px\" \/><\/figure>\n<\/div>\n\n\n<hr class=\"wp-block-separator has-alpha-channel-opacity\"\/>\n\n\n\n<p class=\"has-text-align-center has-light-green-cyan-background-color has-background has-medium-font-size\"><strong>De\u0148 52<\/strong><\/p>\n\n\n<div class=\"wp-block-image\">\n<figure class=\"aligncenter size-large\"><img loading=\"lazy\" decoding=\"async\" width=\"683\" height=\"1024\" src=\"https:\/\/malumiwanga.com\/wp-content\/uploads\/2024\/09\/2862c65d-1949-4c65-bfd4-a0d4dbc3b4f7-683x1024.jpg\" alt=\"\" class=\"wp-image-1703\" srcset=\"https:\/\/malumiwanga.com\/wp-content\/uploads\/2024\/09\/2862c65d-1949-4c65-bfd4-a0d4dbc3b4f7-683x1024.jpg 683w, https:\/\/malumiwanga.com\/wp-content\/uploads\/2024\/09\/2862c65d-1949-4c65-bfd4-a0d4dbc3b4f7-200x300.jpg 200w, https:\/\/malumiwanga.com\/wp-content\/uploads\/2024\/09\/2862c65d-1949-4c65-bfd4-a0d4dbc3b4f7-768x1152.jpg 768w, https:\/\/malumiwanga.com\/wp-content\/uploads\/2024\/09\/2862c65d-1949-4c65-bfd4-a0d4dbc3b4f7-1024x1536.jpg 1024w, https:\/\/malumiwanga.com\/wp-content\/uploads\/2024\/09\/2862c65d-1949-4c65-bfd4-a0d4dbc3b4f7.jpg 1216w\" sizes=\"auto, (max-width: 683px) 100vw, 683px\" \/><\/figure>\n<\/div>\n\n<div class=\"wp-block-image\">\n<figure class=\"aligncenter size-full\"><img loading=\"lazy\" decoding=\"async\" width=\"748\" height=\"988\" src=\"https:\/\/malumiwanga.com\/wp-content\/uploads\/2024\/09\/f6531adb-a893-4df0-abd5-c211b624e603.jpg\" alt=\"\" class=\"wp-image-1712\" srcset=\"https:\/\/malumiwanga.com\/wp-content\/uploads\/2024\/09\/f6531adb-a893-4df0-abd5-c211b624e603.jpg 748w, https:\/\/malumiwanga.com\/wp-content\/uploads\/2024\/09\/f6531adb-a893-4df0-abd5-c211b624e603-227x300.jpg 227w\" sizes=\"auto, (max-width: 748px) 100vw, 748px\" \/><\/figure>\n<\/div>\n\n<div class=\"wp-block-image\">\n<figure class=\"aligncenter size-large\"><img loading=\"lazy\" decoding=\"async\" width=\"683\" height=\"1024\" src=\"https:\/\/malumiwanga.com\/wp-content\/uploads\/2024\/09\/e92420f5-7bf8-4a15-b1b3-cc62b449f7f2-683x1024.jpg\" alt=\"\" class=\"wp-image-1711\" srcset=\"https:\/\/malumiwanga.com\/wp-content\/uploads\/2024\/09\/e92420f5-7bf8-4a15-b1b3-cc62b449f7f2-683x1024.jpg 683w, https:\/\/malumiwanga.com\/wp-content\/uploads\/2024\/09\/e92420f5-7bf8-4a15-b1b3-cc62b449f7f2-200x300.jpg 200w, https:\/\/malumiwanga.com\/wp-content\/uploads\/2024\/09\/e92420f5-7bf8-4a15-b1b3-cc62b449f7f2-768x1152.jpg 768w, https:\/\/malumiwanga.com\/wp-content\/uploads\/2024\/09\/e92420f5-7bf8-4a15-b1b3-cc62b449f7f2-1024x1536.jpg 1024w, https:\/\/malumiwanga.com\/wp-content\/uploads\/2024\/09\/e92420f5-7bf8-4a15-b1b3-cc62b449f7f2.jpg 1216w\" sizes=\"auto, (max-width: 683px) 100vw, 683px\" \/><\/figure>\n<\/div>\n\n<div class=\"wp-block-image\">\n<figure class=\"aligncenter size-large\"><img loading=\"lazy\" decoding=\"async\" width=\"1024\" height=\"659\" src=\"https:\/\/malumiwanga.com\/wp-content\/uploads\/2024\/09\/98ba0f10-8628-40b9-b821-805df3871977-1024x659.jpg\" alt=\"\" class=\"wp-image-1701\" srcset=\"https:\/\/malumiwanga.com\/wp-content\/uploads\/2024\/09\/98ba0f10-8628-40b9-b821-805df3871977-1024x659.jpg 1024w, https:\/\/malumiwanga.com\/wp-content\/uploads\/2024\/09\/98ba0f10-8628-40b9-b821-805df3871977-300x193.jpg 300w, https:\/\/malumiwanga.com\/wp-content\/uploads\/2024\/09\/98ba0f10-8628-40b9-b821-805df3871977-768x494.jpg 768w, https:\/\/malumiwanga.com\/wp-content\/uploads\/2024\/09\/98ba0f10-8628-40b9-b821-805df3871977.jpg 1390w\" sizes=\"auto, (max-width: 1024px) 100vw, 1024px\" \/><\/figure>\n<\/div>\n\n\n<hr class=\"wp-block-separator has-alpha-channel-opacity\"\/>\n\n\n\n<p class=\"has-text-align-center has-light-green-cyan-background-color has-background has-medium-font-size\"><strong>De\u0148 46<\/strong><\/p>\n\n\n\n<figure class=\"wp-block-video aligncenter\"><video height=\"1080\" style=\"aspect-ratio: 1920 \/ 1080;\" width=\"1920\" controls src=\"https:\/\/malumiwanga.com\/wp-content\/uploads\/2024\/08\/9591c0ec7df7fd408e2c463324f8069f.mp4\"><\/video><\/figure>\n\n\n\n<hr class=\"wp-block-separator has-alpha-channel-opacity\"\/>\n\n\n\n<p class=\"has-text-align-center has-light-green-cyan-background-color has-background has-medium-font-size\"><strong>De\u0148 42<\/strong><\/p>\n\n\n<div class=\"wp-block-image\">\n<figure class=\"aligncenter size-large\"><img loading=\"lazy\" decoding=\"async\" width=\"1024\" height=\"759\" src=\"https:\/\/malumiwanga.com\/wp-content\/uploads\/2024\/08\/IMG_1187-1024x759.jpg\" alt=\"\" class=\"wp-image-1547\" srcset=\"https:\/\/malumiwanga.com\/wp-content\/uploads\/2024\/08\/IMG_1187-1024x759.jpg 1024w, https:\/\/malumiwanga.com\/wp-content\/uploads\/2024\/08\/IMG_1187-300x222.jpg 300w, https:\/\/malumiwanga.com\/wp-content\/uploads\/2024\/08\/IMG_1187-768x570.jpg 768w, https:\/\/malumiwanga.com\/wp-content\/uploads\/2024\/08\/IMG_1187-1536x1139.jpg 1536w, https:\/\/malumiwanga.com\/wp-content\/uploads\/2024\/08\/IMG_1187-2048x1519.jpg 2048w\" sizes=\"auto, (max-width: 1024px) 100vw, 1024px\" \/><\/figure>\n<\/div>\n\n<div class=\"wp-block-image\">\n<figure class=\"aligncenter size-large\"><img loading=\"lazy\" decoding=\"async\" width=\"1024\" height=\"789\" src=\"https:\/\/malumiwanga.com\/wp-content\/uploads\/2024\/08\/IMG_1189-1024x789.jpg\" alt=\"\" class=\"wp-image-1548\" srcset=\"https:\/\/malumiwanga.com\/wp-content\/uploads\/2024\/08\/IMG_1189-1024x789.jpg 1024w, https:\/\/malumiwanga.com\/wp-content\/uploads\/2024\/08\/IMG_1189-300x231.jpg 300w, https:\/\/malumiwanga.com\/wp-content\/uploads\/2024\/08\/IMG_1189-768x592.jpg 768w, https:\/\/malumiwanga.com\/wp-content\/uploads\/2024\/08\/IMG_1189-1536x1184.jpg 1536w, https:\/\/malumiwanga.com\/wp-content\/uploads\/2024\/08\/IMG_1189-2048x1579.jpg 2048w\" sizes=\"auto, (max-width: 1024px) 100vw, 1024px\" \/><\/figure>\n<\/div>\n\n<div class=\"wp-block-image\">\n<figure class=\"aligncenter size-large\"><img loading=\"lazy\" decoding=\"async\" width=\"1024\" height=\"710\" src=\"https:\/\/malumiwanga.com\/wp-content\/uploads\/2024\/08\/IMG_1224-1024x710.jpg\" alt=\"\" class=\"wp-image-1556\" srcset=\"https:\/\/malumiwanga.com\/wp-content\/uploads\/2024\/08\/IMG_1224-1024x710.jpg 1024w, https:\/\/malumiwanga.com\/wp-content\/uploads\/2024\/08\/IMG_1224-300x208.jpg 300w, https:\/\/malumiwanga.com\/wp-content\/uploads\/2024\/08\/IMG_1224-768x532.jpg 768w, https:\/\/malumiwanga.com\/wp-content\/uploads\/2024\/08\/IMG_1224-1536x1064.jpg 1536w, https:\/\/malumiwanga.com\/wp-content\/uploads\/2024\/08\/IMG_1224-2048x1419.jpg 2048w\" sizes=\"auto, (max-width: 1024px) 100vw, 1024px\" \/><\/figure>\n<\/div>\n\n<div class=\"wp-block-image\">\n<figure class=\"aligncenter size-large\"><img loading=\"lazy\" decoding=\"async\" width=\"1024\" height=\"713\" src=\"https:\/\/malumiwanga.com\/wp-content\/uploads\/2024\/08\/IMG_1225-1024x713.jpg\" alt=\"\" class=\"wp-image-1557\" srcset=\"https:\/\/malumiwanga.com\/wp-content\/uploads\/2024\/08\/IMG_1225-1024x713.jpg 1024w, https:\/\/malumiwanga.com\/wp-content\/uploads\/2024\/08\/IMG_1225-300x209.jpg 300w, https:\/\/malumiwanga.com\/wp-content\/uploads\/2024\/08\/IMG_1225-768x535.jpg 768w, https:\/\/malumiwanga.com\/wp-content\/uploads\/2024\/08\/IMG_1225-1536x1069.jpg 1536w, https:\/\/malumiwanga.com\/wp-content\/uploads\/2024\/08\/IMG_1225-2048x1426.jpg 2048w\" sizes=\"auto, (max-width: 1024px) 100vw, 1024px\" \/><\/figure>\n<\/div>\n\n<div class=\"wp-block-image\">\n<figure class=\"aligncenter size-large\"><img loading=\"lazy\" decoding=\"async\" width=\"1024\" height=\"685\" src=\"https:\/\/malumiwanga.com\/wp-content\/uploads\/2024\/08\/IMG_1226-1024x685.jpg\" alt=\"\" class=\"wp-image-1558\" srcset=\"https:\/\/malumiwanga.com\/wp-content\/uploads\/2024\/08\/IMG_1226-1024x685.jpg 1024w, https:\/\/malumiwanga.com\/wp-content\/uploads\/2024\/08\/IMG_1226-300x201.jpg 300w, https:\/\/malumiwanga.com\/wp-content\/uploads\/2024\/08\/IMG_1226-768x514.jpg 768w, https:\/\/malumiwanga.com\/wp-content\/uploads\/2024\/08\/IMG_1226-1536x1028.jpg 1536w, https:\/\/malumiwanga.com\/wp-content\/uploads\/2024\/08\/IMG_1226-2048x1370.jpg 2048w\" sizes=\"auto, (max-width: 1024px) 100vw, 1024px\" \/><\/figure>\n<\/div>\n\n<div class=\"wp-block-image\">\n<figure class=\"aligncenter size-large\"><img loading=\"lazy\" decoding=\"async\" width=\"1024\" height=\"695\" src=\"https:\/\/malumiwanga.com\/wp-content\/uploads\/2024\/08\/IMG_1272-1024x695.jpg\" alt=\"\" class=\"wp-image-1571\" srcset=\"https:\/\/malumiwanga.com\/wp-content\/uploads\/2024\/08\/IMG_1272-1024x695.jpg 1024w, https:\/\/malumiwanga.com\/wp-content\/uploads\/2024\/08\/IMG_1272-300x203.jpg 300w, https:\/\/malumiwanga.com\/wp-content\/uploads\/2024\/08\/IMG_1272-768x521.jpg 768w, https:\/\/malumiwanga.com\/wp-content\/uploads\/2024\/08\/IMG_1272-1536x1042.jpg 1536w, https:\/\/malumiwanga.com\/wp-content\/uploads\/2024\/08\/IMG_1272-2048x1389.jpg 2048w\" sizes=\"auto, (max-width: 1024px) 100vw, 1024px\" \/><\/figure>\n<\/div>\n\n<div class=\"wp-block-image\">\n<figure class=\"aligncenter size-large\"><img loading=\"lazy\" decoding=\"async\" width=\"1024\" height=\"718\" src=\"https:\/\/malumiwanga.com\/wp-content\/uploads\/2024\/08\/IMG_1273-1024x718.jpg\" alt=\"\" class=\"wp-image-1572\" srcset=\"https:\/\/malumiwanga.com\/wp-content\/uploads\/2024\/08\/IMG_1273-1024x718.jpg 1024w, https:\/\/malumiwanga.com\/wp-content\/uploads\/2024\/08\/IMG_1273-300x210.jpg 300w, https:\/\/malumiwanga.com\/wp-content\/uploads\/2024\/08\/IMG_1273-768x538.jpg 768w, https:\/\/malumiwanga.com\/wp-content\/uploads\/2024\/08\/IMG_1273-1536x1076.jpg 1536w, https:\/\/malumiwanga.com\/wp-content\/uploads\/2024\/08\/IMG_1273-2048x1435.jpg 2048w\" sizes=\"auto, (max-width: 1024px) 100vw, 1024px\" \/><\/figure>\n<\/div>\n\n<div class=\"wp-block-image\">\n<figure class=\"aligncenter size-large\"><img loading=\"lazy\" decoding=\"async\" width=\"1024\" height=\"705\" src=\"https:\/\/malumiwanga.com\/wp-content\/uploads\/2024\/08\/IMG_1275-1024x705.jpg\" alt=\"\" class=\"wp-image-1574\" srcset=\"https:\/\/malumiwanga.com\/wp-content\/uploads\/2024\/08\/IMG_1275-1024x705.jpg 1024w, https:\/\/malumiwanga.com\/wp-content\/uploads\/2024\/08\/IMG_1275-300x207.jpg 300w, https:\/\/malumiwanga.com\/wp-content\/uploads\/2024\/08\/IMG_1275-768x529.jpg 768w, https:\/\/malumiwanga.com\/wp-content\/uploads\/2024\/08\/IMG_1275-1536x1058.jpg 1536w, https:\/\/malumiwanga.com\/wp-content\/uploads\/2024\/08\/IMG_1275-2048x1410.jpg 2048w\" sizes=\"auto, (max-width: 1024px) 100vw, 1024px\" \/><\/figure>\n<\/div>\n\n<div class=\"wp-block-image\">\n<figure class=\"aligncenter size-large\"><img loading=\"lazy\" decoding=\"async\" width=\"1024\" height=\"683\" src=\"https:\/\/malumiwanga.com\/wp-content\/uploads\/2024\/08\/IMG_1177-1024x683.jpg\" alt=\"\" class=\"wp-image-1541\" srcset=\"https:\/\/malumiwanga.com\/wp-content\/uploads\/2024\/08\/IMG_1177-1024x683.jpg 1024w, https:\/\/malumiwanga.com\/wp-content\/uploads\/2024\/08\/IMG_1177-300x200.jpg 300w, https:\/\/malumiwanga.com\/wp-content\/uploads\/2024\/08\/IMG_1177-768x512.jpg 768w, https:\/\/malumiwanga.com\/wp-content\/uploads\/2024\/08\/IMG_1177-1536x1024.jpg 1536w, https:\/\/malumiwanga.com\/wp-content\/uploads\/2024\/08\/IMG_1177-2048x1365.jpg 2048w\" sizes=\"auto, (max-width: 1024px) 100vw, 1024px\" \/><\/figure>\n<\/div>\n\n\n<hr class=\"wp-block-separator has-alpha-channel-opacity\"\/>\n\n\n\n<p class=\"has-text-align-center has-light-green-cyan-background-color has-background has-medium-font-size\"><strong>De\u0148 37.<\/strong><\/p>\n\n\n\n<figure class=\"wp-block-video aligncenter\"><video height=\"720\" style=\"aspect-ratio: 1280 \/ 720;\" width=\"1280\" controls src=\"https:\/\/malumiwanga.com\/wp-content\/uploads\/2024\/08\/YouCut_20240813_190313936.mp4\" playsinline><\/video><\/figure>\n\n\n\n<hr class=\"wp-block-separator has-alpha-channel-opacity\"\/>\n\n\n\n<p class=\"has-text-align-center has-light-green-cyan-background-color has-background has-medium-font-size\"><strong>De\u0148 29.<\/strong><\/p>\n\n\n\n<figure class=\"wp-block-video aligncenter\"><video height=\"1080\" style=\"aspect-ratio: 1920 \/ 1080;\" width=\"1920\" controls src=\"https:\/\/malumiwanga.com\/wp-content\/uploads\/2024\/08\/svetlozeleny1.mp4\"><\/video><\/figure>\n\n\n\n<hr class=\"wp-block-separator has-alpha-channel-opacity\"\/>\n\n\n\n<p class=\"has-text-align-center has-light-green-cyan-background-color has-background has-medium-font-size\"><strong>De\u0148 23.<\/strong><\/p>\n\n\n\n<figure class=\"wp-block-video\"><video height=\"720\" style=\"aspect-ratio: 1280 \/ 720;\" width=\"1280\" controls src=\"https:\/\/malumiwanga.com\/wp-content\/uploads\/2024\/08\/Svetlozeleny.mp4\"><\/video><\/figure>\n\n\n\n<hr class=\"wp-block-separator has-alpha-channel-opacity\"\/>\n\n\n\n<figure class=\"wp-block-video aligncenter\"><video height=\"1080\" style=\"aspect-ratio: 1920 \/ 1080;\" width=\"1920\" controls src=\"https:\/\/malumiwanga.com\/wp-content\/uploads\/2024\/07\/svzeleny3.mp4\"><\/video><\/figure>\n\n\n\n<hr class=\"wp-block-separator has-alpha-channel-opacity\"\/>\n\n\n\n<figure class=\"wp-block-video aligncenter\"><video height=\"1080\" style=\"aspect-ratio: 1920 \/ 1080;\" width=\"1920\" controls src=\"https:\/\/malumiwanga.com\/wp-content\/uploads\/2024\/07\/svzeleny2.mp4\"><\/video><\/figure>\n\n\n\n<hr class=\"wp-block-separator has-alpha-channel-opacity\"\/>\n\n\n\n<figure class=\"wp-block-video aligncenter\"><video height=\"1080\" style=\"aspect-ratio: 1920 \/ 1080;\" width=\"1920\" controls src=\"https:\/\/malumiwanga.com\/wp-content\/uploads\/2024\/07\/svzeleny1.mp4\"><\/video><\/figure>\n\n\n\n<hr class=\"wp-block-separator has-alpha-channel-opacity\"\/>\n\n\n<div class=\"wp-block-image\">\n<figure class=\"aligncenter size-large\"><img loading=\"lazy\" decoding=\"async\" width=\"1024\" height=\"683\" src=\"https:\/\/malumiwanga.com\/wp-content\/uploads\/2024\/07\/IMG_4734-1-1024x683.jpg\" alt=\"\" class=\"wp-image-1330\" srcset=\"https:\/\/malumiwanga.com\/wp-content\/uploads\/2024\/07\/IMG_4734-1-1024x683.jpg 1024w, https:\/\/malumiwanga.com\/wp-content\/uploads\/2024\/07\/IMG_4734-1-300x200.jpg 300w, https:\/\/malumiwanga.com\/wp-content\/uploads\/2024\/07\/IMG_4734-1-768x512.jpg 768w, https:\/\/malumiwanga.com\/wp-content\/uploads\/2024\/07\/IMG_4734-1-1536x1024.jpg 1536w, https:\/\/malumiwanga.com\/wp-content\/uploads\/2024\/07\/IMG_4734-1-2048x1365.jpg 2048w\" sizes=\"auto, (max-width: 1024px) 100vw, 1024px\" \/><\/figure>\n<\/div>\n\n<div class=\"wp-block-image\">\n<figure class=\"aligncenter size-large\"><img loading=\"lazy\" decoding=\"async\" width=\"1024\" height=\"683\" src=\"https:\/\/malumiwanga.com\/wp-content\/uploads\/2024\/07\/IMG_4735-1024x683.jpg\" alt=\"\" class=\"wp-image-1331\" srcset=\"https:\/\/malumiwanga.com\/wp-content\/uploads\/2024\/07\/IMG_4735-1024x683.jpg 1024w, https:\/\/malumiwanga.com\/wp-content\/uploads\/2024\/07\/IMG_4735-300x200.jpg 300w, https:\/\/malumiwanga.com\/wp-content\/uploads\/2024\/07\/IMG_4735-768x512.jpg 768w, https:\/\/malumiwanga.com\/wp-content\/uploads\/2024\/07\/IMG_4735-1536x1024.jpg 1536w, https:\/\/malumiwanga.com\/wp-content\/uploads\/2024\/07\/IMG_4735-2048x1365.jpg 2048w\" sizes=\"auto, (max-width: 1024px) 100vw, 1024px\" \/><\/figure>\n<\/div>\n\n<div class=\"wp-block-image\">\n<figure class=\"aligncenter size-large\"><img loading=\"lazy\" decoding=\"async\" width=\"1024\" height=\"683\" src=\"https:\/\/malumiwanga.com\/wp-content\/uploads\/2024\/07\/IMG_4764-1024x683.jpg\" alt=\"\" class=\"wp-image-1332\" srcset=\"https:\/\/malumiwanga.com\/wp-content\/uploads\/2024\/07\/IMG_4764-1024x683.jpg 1024w, https:\/\/malumiwanga.com\/wp-content\/uploads\/2024\/07\/IMG_4764-300x200.jpg 300w, https:\/\/malumiwanga.com\/wp-content\/uploads\/2024\/07\/IMG_4764-768x512.jpg 768w, https:\/\/malumiwanga.com\/wp-content\/uploads\/2024\/07\/IMG_4764-1536x1024.jpg 1536w, https:\/\/malumiwanga.com\/wp-content\/uploads\/2024\/07\/IMG_4764-2048x1365.jpg 2048w\" sizes=\"auto, (max-width: 1024px) 100vw, 1024px\" \/><\/figure>\n<\/div>\n\n<div class=\"wp-block-image\">\n<figure class=\"aligncenter size-large\"><img loading=\"lazy\" decoding=\"async\" width=\"1024\" height=\"683\" src=\"https:\/\/malumiwanga.com\/wp-content\/uploads\/2024\/07\/IMG_4778-1024x683.jpg\" alt=\"\" class=\"wp-image-1333\" srcset=\"https:\/\/malumiwanga.com\/wp-content\/uploads\/2024\/07\/IMG_4778-1024x683.jpg 1024w, https:\/\/malumiwanga.com\/wp-content\/uploads\/2024\/07\/IMG_4778-300x200.jpg 300w, https:\/\/malumiwanga.com\/wp-content\/uploads\/2024\/07\/IMG_4778-768x512.jpg 768w, https:\/\/malumiwanga.com\/wp-content\/uploads\/2024\/07\/IMG_4778-1536x1024.jpg 1536w, https:\/\/malumiwanga.com\/wp-content\/uploads\/2024\/07\/IMG_4778-2048x1365.jpg 2048w\" sizes=\"auto, (max-width: 1024px) 100vw, 1024px\" \/><\/figure>\n<\/div>\n\n<div class=\"wp-block-image\">\n<figure class=\"aligncenter size-large\"><img loading=\"lazy\" decoding=\"async\" width=\"1024\" height=\"683\" src=\"https:\/\/malumiwanga.com\/wp-content\/uploads\/2024\/07\/IMG_4779-1024x683.jpg\" alt=\"\" class=\"wp-image-1334\" srcset=\"https:\/\/malumiwanga.com\/wp-content\/uploads\/2024\/07\/IMG_4779-1024x683.jpg 1024w, https:\/\/malumiwanga.com\/wp-content\/uploads\/2024\/07\/IMG_4779-300x200.jpg 300w, https:\/\/malumiwanga.com\/wp-content\/uploads\/2024\/07\/IMG_4779-768x512.jpg 768w, https:\/\/malumiwanga.com\/wp-content\/uploads\/2024\/07\/IMG_4779-1536x1024.jpg 1536w, https:\/\/malumiwanga.com\/wp-content\/uploads\/2024\/07\/IMG_4779-2048x1365.jpg 2048w\" sizes=\"auto, (max-width: 1024px) 100vw, 1024px\" \/><\/figure>\n<\/div>\n\n<div class=\"wp-block-image\">\n<figure class=\"aligncenter size-large\"><img loading=\"lazy\" decoding=\"async\" width=\"1024\" height=\"683\" src=\"https:\/\/malumiwanga.com\/wp-content\/uploads\/2024\/07\/IMG_4781-1024x683.jpg\" alt=\"\" class=\"wp-image-1335\" srcset=\"https:\/\/malumiwanga.com\/wp-content\/uploads\/2024\/07\/IMG_4781-1024x683.jpg 1024w, https:\/\/malumiwanga.com\/wp-content\/uploads\/2024\/07\/IMG_4781-300x200.jpg 300w, https:\/\/malumiwanga.com\/wp-content\/uploads\/2024\/07\/IMG_4781-768x512.jpg 768w, https:\/\/malumiwanga.com\/wp-content\/uploads\/2024\/07\/IMG_4781-1536x1024.jpg 1536w, https:\/\/malumiwanga.com\/wp-content\/uploads\/2024\/07\/IMG_4781-2048x1365.jpg 2048w\" sizes=\"auto, (max-width: 1024px) 100vw, 1024px\" \/><\/figure>\n<\/div>\n\n<div class=\"wp-block-image\">\n<figure class=\"aligncenter size-large\"><img loading=\"lazy\" decoding=\"async\" width=\"1024\" height=\"683\" src=\"https:\/\/malumiwanga.com\/wp-content\/uploads\/2024\/07\/IMG_4782-1024x683.jpg\" alt=\"\" class=\"wp-image-1336\" srcset=\"https:\/\/malumiwanga.com\/wp-content\/uploads\/2024\/07\/IMG_4782-1024x683.jpg 1024w, https:\/\/malumiwanga.com\/wp-content\/uploads\/2024\/07\/IMG_4782-300x200.jpg 300w, https:\/\/malumiwanga.com\/wp-content\/uploads\/2024\/07\/IMG_4782-768x512.jpg 768w, https:\/\/malumiwanga.com\/wp-content\/uploads\/2024\/07\/IMG_4782-1536x1024.jpg 1536w, https:\/\/malumiwanga.com\/wp-content\/uploads\/2024\/07\/IMG_4782-2048x1365.jpg 2048w\" sizes=\"auto, (max-width: 1024px) 100vw, 1024px\" \/><\/figure>\n<\/div>\n\n<div class=\"wp-block-image\">\n<figure class=\"aligncenter size-large\"><img loading=\"lazy\" decoding=\"async\" width=\"1024\" height=\"683\" src=\"https:\/\/malumiwanga.com\/wp-content\/uploads\/2024\/07\/IMG_4783-1024x683.jpg\" alt=\"\" class=\"wp-image-1337\" srcset=\"https:\/\/malumiwanga.com\/wp-content\/uploads\/2024\/07\/IMG_4783-1024x683.jpg 1024w, https:\/\/malumiwanga.com\/wp-content\/uploads\/2024\/07\/IMG_4783-300x200.jpg 300w, https:\/\/malumiwanga.com\/wp-content\/uploads\/2024\/07\/IMG_4783-768x512.jpg 768w, https:\/\/malumiwanga.com\/wp-content\/uploads\/2024\/07\/IMG_4783-1536x1024.jpg 1536w, https:\/\/malumiwanga.com\/wp-content\/uploads\/2024\/07\/IMG_4783-2048x1365.jpg 2048w\" sizes=\"auto, (max-width: 1024px) 100vw, 1024px\" \/><\/figure>\n<\/div>\n\n<div class=\"wp-block-image\">\n<figure class=\"aligncenter size-large\"><img loading=\"lazy\" decoding=\"async\" width=\"1024\" height=\"683\" src=\"https:\/\/malumiwanga.com\/wp-content\/uploads\/2024\/07\/IMG_4784-1024x683.jpg\" alt=\"\" class=\"wp-image-1338\" srcset=\"https:\/\/malumiwanga.com\/wp-content\/uploads\/2024\/07\/IMG_4784-1024x683.jpg 1024w, https:\/\/malumiwanga.com\/wp-content\/uploads\/2024\/07\/IMG_4784-300x200.jpg 300w, https:\/\/malumiwanga.com\/wp-content\/uploads\/2024\/07\/IMG_4784-768x512.jpg 768w, https:\/\/malumiwanga.com\/wp-content\/uploads\/2024\/07\/IMG_4784-1536x1024.jpg 1536w, https:\/\/malumiwanga.com\/wp-content\/uploads\/2024\/07\/IMG_4784-2048x1365.jpg 2048w\" sizes=\"auto, (max-width: 1024px) 100vw, 1024px\" \/><\/figure>\n<\/div>\n\n\n<hr class=\"wp-block-separator has-alpha-channel-opacity\"\/>\n\n\n<div class=\"wp-block-image\">\n<figure class=\"aligncenter size-large\"><img loading=\"lazy\" decoding=\"async\" width=\"683\" height=\"1024\" src=\"https:\/\/malumiwanga.com\/wp-content\/uploads\/2024\/07\/zeleny5-683x1024.jpg\" alt=\"\" class=\"wp-image-1065\" srcset=\"https:\/\/malumiwanga.com\/wp-content\/uploads\/2024\/07\/zeleny5-683x1024.jpg 683w, https:\/\/malumiwanga.com\/wp-content\/uploads\/2024\/07\/zeleny5-200x300.jpg 200w, https:\/\/malumiwanga.com\/wp-content\/uploads\/2024\/07\/zeleny5-768x1152.jpg 768w, https:\/\/malumiwanga.com\/wp-content\/uploads\/2024\/07\/zeleny5-1024x1536.jpg 1024w, https:\/\/malumiwanga.com\/wp-content\/uploads\/2024\/07\/zeleny5-1365x2048.jpg 1365w, https:\/\/malumiwanga.com\/wp-content\/uploads\/2024\/07\/zeleny5-scaled.jpg 1707w\" sizes=\"auto, (max-width: 683px) 100vw, 683px\" \/><\/figure>\n<\/div>\n\n<div class=\"wp-block-image\">\n<figure class=\"aligncenter size-large\"><img loading=\"lazy\" decoding=\"async\" width=\"1024\" height=\"683\" src=\"https:\/\/malumiwanga.com\/wp-content\/uploads\/2024\/07\/zeleny4-1024x683.jpg\" alt=\"\" class=\"wp-image-1064\" srcset=\"https:\/\/malumiwanga.com\/wp-content\/uploads\/2024\/07\/zeleny4-1024x683.jpg 1024w, https:\/\/malumiwanga.com\/wp-content\/uploads\/2024\/07\/zeleny4-300x200.jpg 300w, https:\/\/malumiwanga.com\/wp-content\/uploads\/2024\/07\/zeleny4-768x512.jpg 768w, https:\/\/malumiwanga.com\/wp-content\/uploads\/2024\/07\/zeleny4-1536x1024.jpg 1536w, https:\/\/malumiwanga.com\/wp-content\/uploads\/2024\/07\/zeleny4-2048x1365.jpg 2048w\" sizes=\"auto, (max-width: 1024px) 100vw, 1024px\" \/><\/figure>\n<\/div>\n\n<div class=\"wp-block-image\">\n<figure class=\"aligncenter size-large\"><img loading=\"lazy\" decoding=\"async\" width=\"1024\" height=\"683\" src=\"https:\/\/malumiwanga.com\/wp-content\/uploads\/2024\/07\/zeleny3-1024x683.jpg\" alt=\"\" class=\"wp-image-1063\" srcset=\"https:\/\/malumiwanga.com\/wp-content\/uploads\/2024\/07\/zeleny3-1024x683.jpg 1024w, https:\/\/malumiwanga.com\/wp-content\/uploads\/2024\/07\/zeleny3-300x200.jpg 300w, https:\/\/malumiwanga.com\/wp-content\/uploads\/2024\/07\/zeleny3-768x512.jpg 768w, https:\/\/malumiwanga.com\/wp-content\/uploads\/2024\/07\/zeleny3-1536x1024.jpg 1536w, https:\/\/malumiwanga.com\/wp-content\/uploads\/2024\/07\/zeleny3-2048x1365.jpg 2048w\" sizes=\"auto, (max-width: 1024px) 100vw, 1024px\" \/><\/figure>\n<\/div>\n\n<div class=\"wp-block-image\">\n<figure class=\"aligncenter size-large\"><img loading=\"lazy\" decoding=\"async\" width=\"1024\" height=\"682\" src=\"https:\/\/malumiwanga.com\/wp-content\/uploads\/2024\/07\/zeleny2-1024x682.jpg\" alt=\"\" class=\"wp-image-1062\" srcset=\"https:\/\/malumiwanga.com\/wp-content\/uploads\/2024\/07\/zeleny2-1024x682.jpg 1024w, https:\/\/malumiwanga.com\/wp-content\/uploads\/2024\/07\/zeleny2-300x200.jpg 300w, https:\/\/malumiwanga.com\/wp-content\/uploads\/2024\/07\/zeleny2-768x512.jpg 768w, https:\/\/malumiwanga.com\/wp-content\/uploads\/2024\/07\/zeleny2-1536x1023.jpg 1536w, https:\/\/malumiwanga.com\/wp-content\/uploads\/2024\/07\/zeleny2-2048x1364.jpg 2048w\" sizes=\"auto, (max-width: 1024px) 100vw, 1024px\" \/><\/figure>\n<\/div>\n\n<div class=\"wp-block-image\">\n<figure class=\"aligncenter size-large\"><img loading=\"lazy\" decoding=\"async\" width=\"1024\" height=\"721\" src=\"https:\/\/malumiwanga.com\/wp-content\/uploads\/2024\/07\/zeleny1-1024x721.jpg\" alt=\"\" class=\"wp-image-1061\" srcset=\"https:\/\/malumiwanga.com\/wp-content\/uploads\/2024\/07\/zeleny1-1024x721.jpg 1024w, https:\/\/malumiwanga.com\/wp-content\/uploads\/2024\/07\/zeleny1-300x211.jpg 300w, https:\/\/malumiwanga.com\/wp-content\/uploads\/2024\/07\/zeleny1-768x541.jpg 768w, https:\/\/malumiwanga.com\/wp-content\/uploads\/2024\/07\/zeleny1-1536x1082.jpg 1536w, https:\/\/malumiwanga.com\/wp-content\/uploads\/2024\/07\/zeleny1-2048x1442.jpg 2048w\" sizes=\"auto, (max-width: 1024px) 100vw, 1024px\" \/><\/figure>\n<\/div>","protected":false},"excerpt":{"rendered":"<p>1 rok \ud83e\udd73\ud83c\udf89\ud83c\udf82 De\u0148 52 De\u0148 46 De\u0148 42 De\u0148 37. De\u0148 29. De\u0148 23.<\/p>\n","protected":false},"author":1,"featured_media":0,"parent":0,"menu_order":0,"comment_status":"closed","ping_status":"closed","template":"","meta":{"footnotes":""},"class_list":["post-1089","page","type-page","status-publish","hentry"],"_links":{"self":[{"href":"https:\/\/malumiwanga.com\/index.php?rest_route=\/wp\/v2\/pages\/1089","targetHints":{"allow":["GET"]}}],"collection":[{"href":"https:\/\/malumiwanga.com\/index.php?rest_route=\/wp\/v2\/pages"}],"about":[{"href":"https:\/\/malumiwanga.com\/index.php?rest_route=\/wp\/v2\/types\/page"}],"author":[{"embeddable":true,"href":"https:\/\/malumiwanga.com\/index.php?rest_route=\/wp\/v2\/users\/1"}],"replies":[{"embeddable":true,"href":"https:\/\/malumiwanga.com\/index.php?rest_route=%2Fwp%2Fv2%2Fcomments&post=1089"}],"version-history":[{"count":15,"href":"https:\/\/malumiwanga.com\/index.php?rest_route=\/wp\/v2\/pages\/1089\/revisions"}],"predecessor-version":[{"id":1977,"href":"https:\/\/malumiwanga.com\/index.php?rest_route=\/wp\/v2\/pages\/1089\/revisions\/1977"}],"wp:attachment":[{"href":"https:\/\/malumiwanga.com\/index.php?rest_route=%2Fwp%2Fv2%2Fmedia&parent=1089"}],"curies":[{"name":"wp","href":"https:\/\/api.w.org\/{rel}","templated":true}]}}