	
	
		

	
		
										
	
					
			
	{"id":158,"date":"2024-01-06T17:11:18","date_gmt":"2024-01-06T16:11:18","guid":{"rendered":"https:\/\/malumiwanga.com\/?page_id=158"},"modified":"2025-07-08T17:59:34","modified_gmt":"2025-07-08T15:59:34","slug":"slovak","status":"publish","type":"page","link":"https:\/\/malumiwanga.com\/","title":{"rendered":"Novinky"},"content":{"rendered":"\n<p class=\"has-text-align-center has-medium-font-size\"><strong>Pl\u00e1nujeme vrh na rok 2026, zosta\u0148te naladen\u00ed \ud83d\udc15\ud83d\udc15\ud83d\udc3e\ud83d\udc3e<\/strong><\/p>\n\n\n<div class=\"wp-block-image is-style-default\">\n<figure class=\"aligncenter size-large\"><img loading=\"lazy\" decoding=\"async\" width=\"1024\" height=\"492\" src=\"https:\/\/malumiwanga.com\/wp-content\/uploads\/2025\/07\/Oznamko-HABIBI-2-1024x492.jpg\" alt=\"\" class=\"wp-image-2021\" srcset=\"https:\/\/malumiwanga.com\/wp-content\/uploads\/2025\/07\/Oznamko-HABIBI-2-1024x492.jpg 1024w, https:\/\/malumiwanga.com\/wp-content\/uploads\/2025\/07\/Oznamko-HABIBI-2-300x144.jpg 300w, https:\/\/malumiwanga.com\/wp-content\/uploads\/2025\/07\/Oznamko-HABIBI-2-768x369.jpg 768w, https:\/\/malumiwanga.com\/wp-content\/uploads\/2025\/07\/Oznamko-HABIBI-2.jpg 1452w\" sizes=\"auto, (max-width: 1024px) 100vw, 1024px\" \/><\/figure>\n<\/div>\n\n\n<hr class=\"wp-block-separator has-alpha-channel-opacity\"\/>\n\n\n\n<p>Na\u0161e \u0161teniatka z prv\u00e9ho vrhu HABIBI Perla Afriky x CAKE CASPER DRAGONS OF HIGHLANDS sa z\u00fa\u010dastnili svojej prvej v\u00fdstavy a m\u00f4\u017eem nap\u00edsa\u0165 len to\u013eko, \u017ee sme na nich moc moc hrd\u00fd. <\/p>\n\n\n\n<p><strong>19.10.2024 JUBILEE XXX. CLUB SHOW SKCHR<\/strong> <\/p>\n\n\n\n<p><strong>Judge: <\/strong>Heidi Parsons (GB) &#8211; kennel Priorpark <strong>AZIZI <\/strong>Malumiwanga &#8211; <strong>Minor puppy class: VN1<\/strong> \ud83e\udd47. <strong>Najkraj\u0161ia mlad\u00e1 hlava pes: 3. miesto<\/strong> \ud83e\udd49 <\/p>\n\n\n\n<p><strong>AKIN <\/strong>Malumiwanga <strong>PET class: 1 place<\/strong> \ud83e\udd47  <\/p>\n\n\n\n<p><strong>20.10.2024 ANNUAL XXX. SPECIAL SHOW SKCHR <\/strong><\/p>\n\n\n\n<p><strong>Judge<\/strong>: Sara Venturelli Harmakhis Wisdom (IT) <strong>AZIZI <\/strong>Malumiwanga &#8211; <strong>Minor puppy class: VN 1<\/strong> \ud83e\udd47<\/p>\n\n\n<div class=\"wp-block-image\">\n<figure data-wp-context=\"{&quot;imageId&quot;:&quot;69dea332a5e1f&quot;}\" data-wp-interactive=\"core\/image\" data-wp-key=\"69dea332a5e1f\" class=\"aligncenter size-large wp-lightbox-container\"><img loading=\"lazy\" decoding=\"async\" width=\"1024\" height=\"861\" data-wp-class--hide=\"state.isContentHidden\" data-wp-class--show=\"state.isContentVisible\" data-wp-init=\"callbacks.setButtonStyles\" data-wp-on--click=\"actions.showLightbox\" data-wp-on--load=\"callbacks.setButtonStyles\" data-wp-on-window--resize=\"callbacks.setButtonStyles\" src=\"https:\/\/malumiwanga.com\/wp-content\/uploads\/2024\/10\/463974396_10220330060680623_568784106298242435_n-1024x861.jpg\" alt=\"\" class=\"wp-image-1854\" srcset=\"https:\/\/malumiwanga.com\/wp-content\/uploads\/2024\/10\/463974396_10220330060680623_568784106298242435_n-1024x861.jpg 1024w, https:\/\/malumiwanga.com\/wp-content\/uploads\/2024\/10\/463974396_10220330060680623_568784106298242435_n-300x252.jpg 300w, https:\/\/malumiwanga.com\/wp-content\/uploads\/2024\/10\/463974396_10220330060680623_568784106298242435_n-768x645.jpg 768w, https:\/\/malumiwanga.com\/wp-content\/uploads\/2024\/10\/463974396_10220330060680623_568784106298242435_n.jpg 1372w\" sizes=\"auto, (max-width: 1024px) 100vw, 1024px\" \/><button\n\t\t\tclass=\"lightbox-trigger\"\n\t\t\ttype=\"button\"\n\t\t\taria-haspopup=\"dialog\"\n\t\t\taria-label=\"Zv\u00e4\u010d\u0161i\u0165\"\n\t\t\tdata-wp-init=\"callbacks.initTriggerButton\"\n\t\t\tdata-wp-on--click=\"actions.showLightbox\"\n\t\t\tdata-wp-style--right=\"state.imageButtonRight\"\n\t\t\tdata-wp-style--top=\"state.imageButtonTop\"\n\t\t>\n\t\t\t<svg xmlns=\"http:\/\/www.w3.org\/2000\/svg\" width=\"12\" height=\"12\" fill=\"none\" viewBox=\"0 0 12 12\">\n\t\t\t\t<path fill=\"#fff\" d=\"M2 0a2 2 0 0 0-2 2v2h1.5V2a.5.5 0 0 1 .5-.5h2V0H2Zm2 10.5H2a.5.5 0 0 1-.5-.5V8H0v2a2 2 0 0 0 2 2h2v-1.5ZM8 12v-1.5h2a.5.5 0 0 0 .5-.5V8H12v2a2 2 0 0 1-2 2H8Zm2-12a2 2 0 0 1 2 2v2h-1.5V2a.5.5 0 0 0-.5-.5H8V0h2Z\" \/>\n\t\t\t<\/svg>\n\t\t<\/button><\/figure>\n<\/div>\n\n<div class=\"wp-block-image\">\n<figure data-wp-context=\"{&quot;imageId&quot;:&quot;69dea332a6599&quot;}\" data-wp-interactive=\"core\/image\" data-wp-key=\"69dea332a6599\" class=\"aligncenter size-large wp-lightbox-container\"><img loading=\"lazy\" decoding=\"async\" width=\"959\" height=\"1024\" data-wp-class--hide=\"state.isContentHidden\" data-wp-class--show=\"state.isContentVisible\" data-wp-init=\"callbacks.setButtonStyles\" data-wp-on--click=\"actions.showLightbox\" data-wp-on--load=\"callbacks.setButtonStyles\" data-wp-on-window--resize=\"callbacks.setButtonStyles\" src=\"https:\/\/malumiwanga.com\/wp-content\/uploads\/2024\/10\/463378887_10220330058600571_222765317697944503_n-959x1024.jpg\" alt=\"\" class=\"wp-image-1851\" srcset=\"https:\/\/malumiwanga.com\/wp-content\/uploads\/2024\/10\/463378887_10220330058600571_222765317697944503_n-959x1024.jpg 959w, https:\/\/malumiwanga.com\/wp-content\/uploads\/2024\/10\/463378887_10220330058600571_222765317697944503_n-281x300.jpg 281w, https:\/\/malumiwanga.com\/wp-content\/uploads\/2024\/10\/463378887_10220330058600571_222765317697944503_n-768x820.jpg 768w, https:\/\/malumiwanga.com\/wp-content\/uploads\/2024\/10\/463378887_10220330058600571_222765317697944503_n.jpg 1016w\" sizes=\"auto, (max-width: 959px) 100vw, 959px\" \/><button\n\t\t\tclass=\"lightbox-trigger\"\n\t\t\ttype=\"button\"\n\t\t\taria-haspopup=\"dialog\"\n\t\t\taria-label=\"Zv\u00e4\u010d\u0161i\u0165\"\n\t\t\tdata-wp-init=\"callbacks.initTriggerButton\"\n\t\t\tdata-wp-on--click=\"actions.showLightbox\"\n\t\t\tdata-wp-style--right=\"state.imageButtonRight\"\n\t\t\tdata-wp-style--top=\"state.imageButtonTop\"\n\t\t>\n\t\t\t<svg xmlns=\"http:\/\/www.w3.org\/2000\/svg\" width=\"12\" height=\"12\" fill=\"none\" viewBox=\"0 0 12 12\">\n\t\t\t\t<path fill=\"#fff\" d=\"M2 0a2 2 0 0 0-2 2v2h1.5V2a.5.5 0 0 1 .5-.5h2V0H2Zm2 10.5H2a.5.5 0 0 1-.5-.5V8H0v2a2 2 0 0 0 2 2h2v-1.5ZM8 12v-1.5h2a.5.5 0 0 0 .5-.5V8H12v2a2 2 0 0 1-2 2H8Zm2-12a2 2 0 0 1 2 2v2h-1.5V2a.5.5 0 0 0-.5-.5H8V0h2Z\" \/>\n\t\t\t<\/svg>\n\t\t<\/button><\/figure>\n<\/div>\n\n<div class=\"wp-block-image\">\n<figure data-wp-context=\"{&quot;imageId&quot;:&quot;69dea332a6b6b&quot;}\" data-wp-interactive=\"core\/image\" data-wp-key=\"69dea332a6b6b\" class=\"aligncenter size-large wp-lightbox-container\"><img loading=\"lazy\" decoding=\"async\" width=\"1024\" height=\"713\" data-wp-class--hide=\"state.isContentHidden\" data-wp-class--show=\"state.isContentVisible\" data-wp-init=\"callbacks.setButtonStyles\" data-wp-on--click=\"actions.showLightbox\" data-wp-on--load=\"callbacks.setButtonStyles\" data-wp-on-window--resize=\"callbacks.setButtonStyles\" src=\"https:\/\/malumiwanga.com\/wp-content\/uploads\/2024\/10\/463962962_10220330058560570_3543064243599643404_n-1024x713.jpg\" alt=\"\" class=\"wp-image-1853\" srcset=\"https:\/\/malumiwanga.com\/wp-content\/uploads\/2024\/10\/463962962_10220330058560570_3543064243599643404_n-1024x713.jpg 1024w, https:\/\/malumiwanga.com\/wp-content\/uploads\/2024\/10\/463962962_10220330058560570_3543064243599643404_n-300x209.jpg 300w, https:\/\/malumiwanga.com\/wp-content\/uploads\/2024\/10\/463962962_10220330058560570_3543064243599643404_n-768x535.jpg 768w, https:\/\/malumiwanga.com\/wp-content\/uploads\/2024\/10\/463962962_10220330058560570_3543064243599643404_n.jpg 1420w\" sizes=\"auto, (max-width: 1024px) 100vw, 1024px\" \/><button\n\t\t\tclass=\"lightbox-trigger\"\n\t\t\ttype=\"button\"\n\t\t\taria-haspopup=\"dialog\"\n\t\t\taria-label=\"Zv\u00e4\u010d\u0161i\u0165\"\n\t\t\tdata-wp-init=\"callbacks.initTriggerButton\"\n\t\t\tdata-wp-on--click=\"actions.showLightbox\"\n\t\t\tdata-wp-style--right=\"state.imageButtonRight\"\n\t\t\tdata-wp-style--top=\"state.imageButtonTop\"\n\t\t>\n\t\t\t<svg xmlns=\"http:\/\/www.w3.org\/2000\/svg\" width=\"12\" height=\"12\" fill=\"none\" viewBox=\"0 0 12 12\">\n\t\t\t\t<path fill=\"#fff\" d=\"M2 0a2 2 0 0 0-2 2v2h1.5V2a.5.5 0 0 1 .5-.5h2V0H2Zm2 10.5H2a.5.5 0 0 1-.5-.5V8H0v2a2 2 0 0 0 2 2h2v-1.5ZM8 12v-1.5h2a.5.5 0 0 0 .5-.5V8H12v2a2 2 0 0 1-2 2H8Zm2-12a2 2 0 0 1 2 2v2h-1.5V2a.5.5 0 0 0-.5-.5H8V0h2Z\" \/>\n\t\t\t<\/svg>\n\t\t<\/button><\/figure>\n<\/div>\n\n<div class=\"wp-block-image\">\n<figure data-wp-context=\"{&quot;imageId&quot;:&quot;69dea332a7155&quot;}\" data-wp-interactive=\"core\/image\" data-wp-key=\"69dea332a7155\" class=\"aligncenter size-large wp-lightbox-container\"><img loading=\"lazy\" decoding=\"async\" width=\"1024\" height=\"638\" data-wp-class--hide=\"state.isContentHidden\" data-wp-class--show=\"state.isContentVisible\" data-wp-init=\"callbacks.setButtonStyles\" data-wp-on--click=\"actions.showLightbox\" data-wp-on--load=\"callbacks.setButtonStyles\" data-wp-on-window--resize=\"callbacks.setButtonStyles\" src=\"https:\/\/malumiwanga.com\/wp-content\/uploads\/2024\/10\/463868550_10220330059840602_7670549998980989773_n-1024x638.jpg\" alt=\"\" class=\"wp-image-1852\" srcset=\"https:\/\/malumiwanga.com\/wp-content\/uploads\/2024\/10\/463868550_10220330059840602_7670549998980989773_n-1024x638.jpg 1024w, https:\/\/malumiwanga.com\/wp-content\/uploads\/2024\/10\/463868550_10220330059840602_7670549998980989773_n-300x187.jpg 300w, https:\/\/malumiwanga.com\/wp-content\/uploads\/2024\/10\/463868550_10220330059840602_7670549998980989773_n-768x479.jpg 768w, https:\/\/malumiwanga.com\/wp-content\/uploads\/2024\/10\/463868550_10220330059840602_7670549998980989773_n.jpg 1112w\" sizes=\"auto, (max-width: 1024px) 100vw, 1024px\" \/><button\n\t\t\tclass=\"lightbox-trigger\"\n\t\t\ttype=\"button\"\n\t\t\taria-haspopup=\"dialog\"\n\t\t\taria-label=\"Zv\u00e4\u010d\u0161i\u0165\"\n\t\t\tdata-wp-init=\"callbacks.initTriggerButton\"\n\t\t\tdata-wp-on--click=\"actions.showLightbox\"\n\t\t\tdata-wp-style--right=\"state.imageButtonRight\"\n\t\t\tdata-wp-style--top=\"state.imageButtonTop\"\n\t\t>\n\t\t\t<svg xmlns=\"http:\/\/www.w3.org\/2000\/svg\" width=\"12\" height=\"12\" fill=\"none\" viewBox=\"0 0 12 12\">\n\t\t\t\t<path fill=\"#fff\" d=\"M2 0a2 2 0 0 0-2 2v2h1.5V2a.5.5 0 0 1 .5-.5h2V0H2Zm2 10.5H2a.5.5 0 0 1-.5-.5V8H0v2a2 2 0 0 0 2 2h2v-1.5ZM8 12v-1.5h2a.5.5 0 0 0 .5-.5V8H12v2a2 2 0 0 1-2 2H8Zm2-12a2 2 0 0 1 2 2v2h-1.5V2a.5.5 0 0 0-.5-.5H8V0h2Z\" \/>\n\t\t\t<\/svg>\n\t\t<\/button><\/figure>\n<\/div>\n\n\n<hr class=\"wp-block-separator has-alpha-channel-opacity\"\/>\n\n\n\n<div class=\"wp-block-buttons is-content-justification-center is-layout-flex wp-container-core-buttons-is-layout-16018d1d wp-block-buttons-is-layout-flex\">\n<div class=\"wp-block-button\"><a class=\"wp-block-button__link has-black-color has-luminous-vivid-amber-background-color has-text-color has-background has-link-color has-text-align-center wp-element-button\" href=\"https:\/\/malumiwanga.com\/?page_id=1031\"><strong>M\u00e1me \u0161teniatka! Vrh &#8220;A&#8220;<\/strong><\/a><\/div>\n<\/div>\n\n\n<div class=\"wp-block-image is-style-default\">\n<figure class=\"aligncenter size-large\"><a href=\"https:\/\/malumiwanga.com\/?page_id=1031\"><img loading=\"lazy\" decoding=\"async\" width=\"1016\" height=\"1024\" src=\"https:\/\/malumiwanga.com\/wp-content\/uploads\/2024\/10\/IMG_5201-1016x1024.jpg\" alt=\"\" class=\"wp-image-1827\" srcset=\"https:\/\/malumiwanga.com\/wp-content\/uploads\/2024\/10\/IMG_5201-1016x1024.jpg 1016w, https:\/\/malumiwanga.com\/wp-content\/uploads\/2024\/10\/IMG_5201-298x300.jpg 298w, https:\/\/malumiwanga.com\/wp-content\/uploads\/2024\/10\/IMG_5201-150x150.jpg 150w, https:\/\/malumiwanga.com\/wp-content\/uploads\/2024\/10\/IMG_5201-768x774.jpg 768w, https:\/\/malumiwanga.com\/wp-content\/uploads\/2024\/10\/IMG_5201-1524x1536.jpg 1524w, https:\/\/malumiwanga.com\/wp-content\/uploads\/2024\/10\/IMG_5201.jpg 1968w\" sizes=\"auto, (max-width: 1016px) 100vw, 1016px\" \/><\/a><\/figure>\n<\/div>\n\n\n<hr class=\"wp-block-separator has-alpha-channel-opacity\"\/>\n\n\n<div class=\"wp-block-image\">\n<figure data-wp-context=\"{&quot;imageId&quot;:&quot;69dea332a7b07&quot;}\" data-wp-interactive=\"core\/image\" data-wp-key=\"69dea332a7b07\" class=\"aligncenter size-large wp-lightbox-container\"><img loading=\"lazy\" decoding=\"async\" width=\"1024\" height=\"468\" data-wp-class--hide=\"state.isContentHidden\" data-wp-class--show=\"state.isContentVisible\" data-wp-init=\"callbacks.setButtonStyles\" data-wp-on--click=\"actions.showLightbox\" data-wp-on--load=\"callbacks.setButtonStyles\" data-wp-on-window--resize=\"callbacks.setButtonStyles\" src=\"https:\/\/malumiwanga.com\/wp-content\/uploads\/2024\/06\/gravidita_sk-1024x468.jpg\" alt=\"\" class=\"wp-image-1011\" srcset=\"https:\/\/malumiwanga.com\/wp-content\/uploads\/2024\/06\/gravidita_sk-1024x468.jpg 1024w, https:\/\/malumiwanga.com\/wp-content\/uploads\/2024\/06\/gravidita_sk-300x137.jpg 300w, https:\/\/malumiwanga.com\/wp-content\/uploads\/2024\/06\/gravidita_sk-768x351.jpg 768w, https:\/\/malumiwanga.com\/wp-content\/uploads\/2024\/06\/gravidita_sk.jpg 1524w\" sizes=\"auto, (max-width: 1024px) 100vw, 1024px\" \/><button\n\t\t\tclass=\"lightbox-trigger\"\n\t\t\ttype=\"button\"\n\t\t\taria-haspopup=\"dialog\"\n\t\t\taria-label=\"Zv\u00e4\u010d\u0161i\u0165\"\n\t\t\tdata-wp-init=\"callbacks.initTriggerButton\"\n\t\t\tdata-wp-on--click=\"actions.showLightbox\"\n\t\t\tdata-wp-style--right=\"state.imageButtonRight\"\n\t\t\tdata-wp-style--top=\"state.imageButtonTop\"\n\t\t>\n\t\t\t<svg xmlns=\"http:\/\/www.w3.org\/2000\/svg\" width=\"12\" height=\"12\" fill=\"none\" viewBox=\"0 0 12 12\">\n\t\t\t\t<path fill=\"#fff\" d=\"M2 0a2 2 0 0 0-2 2v2h1.5V2a.5.5 0 0 1 .5-.5h2V0H2Zm2 10.5H2a.5.5 0 0 1-.5-.5V8H0v2a2 2 0 0 0 2 2h2v-1.5ZM8 12v-1.5h2a.5.5 0 0 0 .5-.5V8H12v2a2 2 0 0 1-2 2H8Zm2-12a2 2 0 0 1 2 2v2h-1.5V2a.5.5 0 0 0-.5-.5H8V0h2Z\" \/>\n\t\t\t<\/svg>\n\t\t<\/button><\/figure>\n<\/div>\n\n\n<hr class=\"wp-block-separator has-alpha-channel-opacity\"\/>\n\n\n<div class=\"wp-block-image\">\n<figure data-wp-context=\"{&quot;imageId&quot;:&quot;69dea332a8232&quot;}\" data-wp-interactive=\"core\/image\" data-wp-key=\"69dea332a8232\" class=\"aligncenter size-large wp-lightbox-container\"><img loading=\"lazy\" decoding=\"async\" width=\"1024\" height=\"656\" data-wp-class--hide=\"state.isContentHidden\" data-wp-class--show=\"state.isContentVisible\" data-wp-init=\"callbacks.setButtonStyles\" data-wp-on--click=\"actions.showLightbox\" data-wp-on--load=\"callbacks.setButtonStyles\" data-wp-on-window--resize=\"callbacks.setButtonStyles\" src=\"https:\/\/malumiwanga.com\/wp-content\/uploads\/2024\/05\/Obaja-1024x656.jpg\" alt=\"\" class=\"wp-image-974\" srcset=\"https:\/\/malumiwanga.com\/wp-content\/uploads\/2024\/05\/Obaja-1024x656.jpg 1024w, https:\/\/malumiwanga.com\/wp-content\/uploads\/2024\/05\/Obaja-300x192.jpg 300w, https:\/\/malumiwanga.com\/wp-content\/uploads\/2024\/05\/Obaja-768x492.jpg 768w, https:\/\/malumiwanga.com\/wp-content\/uploads\/2024\/05\/Obaja-1536x984.jpg 1536w, https:\/\/malumiwanga.com\/wp-content\/uploads\/2024\/05\/Obaja-2048x1312.jpg 2048w\" sizes=\"auto, (max-width: 1024px) 100vw, 1024px\" \/><button\n\t\t\tclass=\"lightbox-trigger\"\n\t\t\ttype=\"button\"\n\t\t\taria-haspopup=\"dialog\"\n\t\t\taria-label=\"Zv\u00e4\u010d\u0161i\u0165\"\n\t\t\tdata-wp-init=\"callbacks.initTriggerButton\"\n\t\t\tdata-wp-on--click=\"actions.showLightbox\"\n\t\t\tdata-wp-style--right=\"state.imageButtonRight\"\n\t\t\tdata-wp-style--top=\"state.imageButtonTop\"\n\t\t>\n\t\t\t<svg xmlns=\"http:\/\/www.w3.org\/2000\/svg\" width=\"12\" height=\"12\" fill=\"none\" viewBox=\"0 0 12 12\">\n\t\t\t\t<path fill=\"#fff\" d=\"M2 0a2 2 0 0 0-2 2v2h1.5V2a.5.5 0 0 1 .5-.5h2V0H2Zm2 10.5H2a.5.5 0 0 1-.5-.5V8H0v2a2 2 0 0 0 2 2h2v-1.5ZM8 12v-1.5h2a.5.5 0 0 0 .5-.5V8H12v2a2 2 0 0 1-2 2H8Zm2-12a2 2 0 0 1 2 2v2h-1.5V2a.5.5 0 0 0-.5-.5H8V0h2Z\" \/>\n\t\t\t<\/svg>\n\t\t<\/button><\/figure>\n<\/div>\n\n\n<hr class=\"wp-block-separator has-alpha-channel-opacity\"\/>\n\n\n<div class=\"wp-block-image\">\n<figure data-wp-context=\"{&quot;imageId&quot;:&quot;69dea332a891a&quot;}\" data-wp-interactive=\"core\/image\" data-wp-key=\"69dea332a891a\" class=\"aligncenter size-large wp-lightbox-container\"><img loading=\"lazy\" decoding=\"async\" width=\"1024\" height=\"708\" data-wp-class--hide=\"state.isContentHidden\" data-wp-class--show=\"state.isContentVisible\" data-wp-init=\"callbacks.setButtonStyles\" data-wp-on--click=\"actions.showLightbox\" data-wp-on--load=\"callbacks.setButtonStyles\" data-wp-on-window--resize=\"callbacks.setButtonStyles\" src=\"https:\/\/malumiwanga.com\/wp-content\/uploads\/2024\/03\/OznamkoHABIBI-1024x708.jpg\" alt=\"\" class=\"wp-image-942\" srcset=\"https:\/\/malumiwanga.com\/wp-content\/uploads\/2024\/03\/OznamkoHABIBI-1024x708.jpg 1024w, https:\/\/malumiwanga.com\/wp-content\/uploads\/2024\/03\/OznamkoHABIBI-300x208.jpg 300w, https:\/\/malumiwanga.com\/wp-content\/uploads\/2024\/03\/OznamkoHABIBI-768x531.jpg 768w, https:\/\/malumiwanga.com\/wp-content\/uploads\/2024\/03\/OznamkoHABIBI.jpg 1110w\" sizes=\"auto, (max-width: 1024px) 100vw, 1024px\" \/><button\n\t\t\tclass=\"lightbox-trigger\"\n\t\t\ttype=\"button\"\n\t\t\taria-haspopup=\"dialog\"\n\t\t\taria-label=\"Zv\u00e4\u010d\u0161i\u0165\"\n\t\t\tdata-wp-init=\"callbacks.initTriggerButton\"\n\t\t\tdata-wp-on--click=\"actions.showLightbox\"\n\t\t\tdata-wp-style--right=\"state.imageButtonRight\"\n\t\t\tdata-wp-style--top=\"state.imageButtonTop\"\n\t\t>\n\t\t\t<svg xmlns=\"http:\/\/www.w3.org\/2000\/svg\" width=\"12\" height=\"12\" fill=\"none\" viewBox=\"0 0 12 12\">\n\t\t\t\t<path fill=\"#fff\" d=\"M2 0a2 2 0 0 0-2 2v2h1.5V2a.5.5 0 0 1 .5-.5h2V0H2Zm2 10.5H2a.5.5 0 0 1-.5-.5V8H0v2a2 2 0 0 0 2 2h2v-1.5ZM8 12v-1.5h2a.5.5 0 0 0 .5-.5V8H12v2a2 2 0 0 1-2 2H8Zm2-12a2 2 0 0 1 2 2v2h-1.5V2a.5.5 0 0 0-.5-.5H8V0h2Z\" \/>\n\t\t\t<\/svg>\n\t\t<\/button><\/figure>\n<\/div>\n\n\n<hr class=\"wp-block-separator has-alpha-channel-opacity\"\/>\n\n\n\n<p class=\"has-medium-font-size\"><strong>11.02.2024 CACIB Katowice (PL)<\/strong>, <strong>Judge: Maria Bruska (PL)<\/strong><\/p>\n\n\n\n<p class=\"has-medium-font-size\"><strong>Open class: Excellent 3<img loading=\"lazy\" decoding=\"async\" height=\"16\" width=\"16\" src=\"https:\/\/static.xx.fbcdn.net\/images\/emoji.php\/v9\/tef\/1.5\/16\/1f949.png\" alt=\"\ud83e\udd49\"> \/ 5<\/strong><\/p>\n\n\n\n<hr class=\"wp-block-separator has-alpha-channel-opacity\"\/>\n\n\n\n<p class=\"has-medium-font-size\"><strong>D\u0148a 12.12.2023 sme \u00faspe\u0161ne zalo\u017eili chovn\u00fa stanicu &#8220;Malumiwanga&#8220;.<\/strong><\/p>\n\n\n\n<hr class=\"wp-block-separator has-alpha-channel-opacity\"\/>\n\n\n\n<p class=\"has-medium-font-size\"><strong>D\u0148a 15.10.2023 sme \u00faspe\u0161ne uchovnili HABIBI Perla Afriky. <\/strong><\/p>\n\n\n<div class=\"wp-block-image\">\n<figure class=\"aligncenter size-large\"><img loading=\"lazy\" decoding=\"async\" width=\"1024\" height=\"745\" src=\"https:\/\/malumiwanga.com\/wp-content\/uploads\/2024\/01\/Scan_20240125-e1706211300760-1024x745.png\" alt=\"\" class=\"wp-image-530\" srcset=\"https:\/\/malumiwanga.com\/wp-content\/uploads\/2024\/01\/Scan_20240125-e1706211300760-1024x745.png 1024w, https:\/\/malumiwanga.com\/wp-content\/uploads\/2024\/01\/Scan_20240125-e1706211300760-300x218.png 300w, https:\/\/malumiwanga.com\/wp-content\/uploads\/2024\/01\/Scan_20240125-e1706211300760-768x558.png 768w, https:\/\/malumiwanga.com\/wp-content\/uploads\/2024\/01\/Scan_20240125-e1706211300760-1536x1117.png 1536w, https:\/\/malumiwanga.com\/wp-content\/uploads\/2024\/01\/Scan_20240125-e1706211300760.png 1755w\" sizes=\"auto, (max-width: 1024px) 100vw, 1024px\" \/><\/figure>\n<\/div>\n\n<div id='mvcwid'style='text-align: center; color: #000000;'><div id=\"wpsvccount\"><img src='https:\/\/malumiwanga.com\/wp-content\/plugins\/wps-visitor-counter\/styles\/image\/gabriella\/0.gif' alt='0'><img src='https:\/\/malumiwanga.com\/wp-content\/plugins\/wps-visitor-counter\/styles\/image\/gabriella\/0.gif' alt='0'><img src='https:\/\/malumiwanga.com\/wp-content\/plugins\/wps-visitor-counter\/styles\/image\/gabriella\/2.gif' alt='2'><img src='https:\/\/malumiwanga.com\/wp-content\/plugins\/wps-visitor-counter\/styles\/image\/gabriella\/9.gif' alt='9'><img src='https:\/\/malumiwanga.com\/wp-content\/plugins\/wps-visitor-counter\/styles\/image\/gabriella\/9.gif' alt='9'><img src='https:\/\/malumiwanga.com\/wp-content\/plugins\/wps-visitor-counter\/styles\/image\/gabriella\/9.gif' alt='9'><\/div>\n\t<div id=\"wpsvctable\"><div id=\"wpsvctotalviews\" style='text-align: center; color: #000000;'><img src='https:\/\/malumiwanga.com\/wp-content\/plugins\/wps-visitor-counter\/counter\/views_total.png'> Total views : 7856<\/div><\/div><\/div>\n\n\n<a href=\"https:\/\/info.flagcounter.com\/aAeO\"><img decoding=\"async\" src=\"https:\/\/s11.flagcounter.com\/count2\/aAeO\/bg_FFFFFF\/txt_000000\/border_CCCCCC\/columns_4\/maxflags_40\/viewers_0\/labels_1\/pageviews_1\/flags_0\/percent_0\/\" alt=\"Flag Counter\" border=\"0\"><\/a>\n","protected":false},"excerpt":{"rendered":"<p>Pl\u00e1nujeme vrh na rok 2026, zosta\u0148te naladen\u00ed \ud83d\udc15\ud83d\udc15\ud83d\udc3e\ud83d\udc3e Na\u0161e \u0161teniatka z prv\u00e9ho vrhu HABIBI Perla Afriky x CAKE CASPER DRAGONS OF HIGHLANDS sa z\u00fa\u010dastnili svojej prvej v\u00fdstavy a m\u00f4\u017eem nap\u00edsa\u0165 len to\u013eko, \u017ee sme na nich moc moc hrd\u00fd. 19.10.2024 JUBILEE XXX. CLUB SHOW SKCHR Judge: Heidi Parsons (GB) &#8211; kennel Priorpark AZIZI Malumiwanga &#8211; [&hellip;]<\/p>\n","protected":false},"author":1,"featured_media":34,"parent":0,"menu_order":0,"comment_status":"closed","ping_status":"closed","template":"","meta":{"footnotes":""},"class_list":["post-158","page","type-page","status-publish","has-post-thumbnail","hentry"],"_links":{"self":[{"href":"https:\/\/malumiwanga.com\/index.php?rest_route=\/wp\/v2\/pages\/158","targetHints":{"allow":["GET"]}}],"collection":[{"href":"https:\/\/malumiwanga.com\/index.php?rest_route=\/wp\/v2\/pages"}],"about":[{"href":"https:\/\/malumiwanga.com\/index.php?rest_route=\/wp\/v2\/types\/page"}],"author":[{"embeddable":true,"href":"https:\/\/malumiwanga.com\/index.php?rest_route=\/wp\/v2\/users\/1"}],"replies":[{"embeddable":true,"href":"https:\/\/malumiwanga.com\/index.php?rest_route=%2Fwp%2Fv2%2Fcomments&post=158"}],"version-history":[{"count":65,"href":"https:\/\/malumiwanga.com\/index.php?rest_route=\/wp\/v2\/pages\/158\/revisions"}],"predecessor-version":[{"id":2034,"href":"https:\/\/malumiwanga.com\/index.php?rest_route=\/wp\/v2\/pages\/158\/revisions\/2034"}],"wp:featuredmedia":[{"embeddable":true,"href":"https:\/\/malumiwanga.com\/index.php?rest_route=\/wp\/v2\/media\/34"}],"wp:attachment":[{"href":"https:\/\/malumiwanga.com\/index.php?rest_route=%2Fwp%2Fv2%2Fmedia&parent=158"}],"curies":[{"name":"wp","href":"https:\/\/api.w.org\/{rel}","templated":true}]}}