{"id":333,"date":"2024-01-06T21:06:11","date_gmt":"2024-01-06T20:06:11","guid":{"rendered":"https:\/\/malumiwanga.com\/?page_id=333"},"modified":"2025-07-08T12:59:04","modified_gmt":"2025-07-08T10:59:04","slug":"habibi-perla-afriky-2","status":"publish","type":"page","link":"https:\/\/malumiwanga.com\/?page_id=333&lang=en","title":{"rendered":"HABIBI Perla Afriky"},"content":{"rendered":"\n<div class=\"wp-block-group has-white-background-color has-background is-vertical is-content-justification-center is-layout-flex wp-container-core-group-is-layout-4b2eccd6 wp-block-group-is-layout-flex\">\n<ul class=\"wp-block-list has-white-background-color has-background has-medium-font-size\">\n<li class=\"has-medium-font-size\"><mark style=\"background-color:#ffffff\" class=\"has-inline-color\"><strong>Gender:<\/strong>  female<\/mark><\/li>\n\n\n\n<li class=\"has-medium-font-size\"><mark style=\"background-color:rgba(0, 0, 0, 0)\" class=\"has-inline-color has-black-color\"><strong>Birth:<\/strong> 26.05.2021<\/mark><\/li>\n\n\n\n<li class=\"has-medium-font-size\"><mark style=\"background-color:rgba(0, 0, 0, 0)\" class=\"has-inline-color has-black-color\"><strong>Breeding capacity:<\/strong> breeding bitch<\/mark><\/li>\n\n\n\n<li class=\"has-medium-font-size\"><mark style=\"background-color:rgba(0, 0, 0, 0)\" class=\"has-inline-color has-black-color\"><strong>Color:<\/strong> <\/mark>red wheat<\/li>\n\n\n\n<li><strong>Height: <\/strong>62cm<\/li>\n\n\n\n<li><strong>Weight: <\/strong>35 kg<\/li>\n\n\n\n<li class=\"has-medium-font-size\"><strong>Type of coat:<\/strong> short<\/li>\n\n\n\n<li class=\"has-medium-font-size\"><mark style=\"background-color:rgba(0, 0, 0, 0)\" class=\"has-inline-color has-black-color\"><strong>Dad:<\/strong> Maanhaar Primo-Creatus  FATEFUL BENJAMIN<\/mark><\/li>\n\n\n\n<li class=\"has-medium-font-size\"><mark style=\"background-color:rgba(0, 0, 0, 0)\" class=\"has-inline-color has-black-color\"><strong>Mother:<\/strong> GEORGEOUS ELLIE OF Perla Afriky<\/mark><\/li>\n<\/ul>\n<\/div>\n\n\n<div style=\"width:auto;margin:auto;text-align:center;\">\n\n<p>HABIBI is today 4 years & 11 months & 4 days old.<\/p>\n\n\n<\/div>\n\n<div class=\"wp-block-image\">\n<figure data-wp-context=\"{&quot;imageId&quot;:&quot;69f33b55f0ab3&quot;}\" data-wp-interactive=\"core\/image\" data-wp-key=\"69f33b55f0ab3\" class=\"aligncenter size-large wp-lightbox-container\"><img loading=\"lazy\" decoding=\"async\" width=\"717\" height=\"1024\" data-wp-class--hide=\"state.isContentHidden\" data-wp-class--show=\"state.isContentVisible\" data-wp-init=\"callbacks.setButtonStyles\" data-wp-on--click=\"actions.showLightbox\" data-wp-on--load=\"callbacks.setButtonStyles\" data-wp-on-window--resize=\"callbacks.setButtonStyles\" src=\"https:\/\/malumiwanga.com\/wp-content\/uploads\/2024\/01\/0U8A9565-717x1024.jpg\" alt=\"\" class=\"wp-image-516\" srcset=\"https:\/\/malumiwanga.com\/wp-content\/uploads\/2024\/01\/0U8A9565-717x1024.jpg 717w, https:\/\/malumiwanga.com\/wp-content\/uploads\/2024\/01\/0U8A9565-210x300.jpg 210w, https:\/\/malumiwanga.com\/wp-content\/uploads\/2024\/01\/0U8A9565-768x1097.jpg 768w, https:\/\/malumiwanga.com\/wp-content\/uploads\/2024\/01\/0U8A9565-1075x1536.jpg 1075w, https:\/\/malumiwanga.com\/wp-content\/uploads\/2024\/01\/0U8A9565-1434x2048.jpg 1434w, https:\/\/malumiwanga.com\/wp-content\/uploads\/2024\/01\/0U8A9565-scaled.jpg 1792w\" sizes=\"auto, (max-width: 717px) 100vw, 717px\" \/><button\n\t\t\tclass=\"lightbox-trigger\"\n\t\t\ttype=\"button\"\n\t\t\taria-haspopup=\"dialog\"\n\t\t\taria-label=\"Zv\u00e4\u010d\u0161i\u0165\"\n\t\t\tdata-wp-init=\"callbacks.initTriggerButton\"\n\t\t\tdata-wp-on--click=\"actions.showLightbox\"\n\t\t\tdata-wp-style--right=\"state.imageButtonRight\"\n\t\t\tdata-wp-style--top=\"state.imageButtonTop\"\n\t\t>\n\t\t\t<svg xmlns=\"http:\/\/www.w3.org\/2000\/svg\" width=\"12\" height=\"12\" fill=\"none\" viewBox=\"0 0 12 12\">\n\t\t\t\t<path fill=\"#fff\" d=\"M2 0a2 2 0 0 0-2 2v2h1.5V2a.5.5 0 0 1 .5-.5h2V0H2Zm2 10.5H2a.5.5 0 0 1-.5-.5V8H0v2a2 2 0 0 0 2 2h2v-1.5ZM8 12v-1.5h2a.5.5 0 0 0 .5-.5V8H12v2a2 2 0 0 1-2 2H8Zm2-12a2 2 0 0 1 2 2v2h-1.5V2a.5.5 0 0 0-.5-.5H8V0h2Z\" \/>\n\t\t\t<\/svg>\n\t\t<\/button><\/figure>\n<\/div>\n\n\n<div style=\"height:9px\" aria-hidden=\"true\" class=\"wp-block-spacer\"><\/div>\n\n\n\n<div class=\"wp-block-buttons is-content-justification-center is-layout-flex wp-container-core-buttons-is-layout-16018d1d wp-block-buttons-is-layout-flex\">\n<div class=\"wp-block-button\"><a class=\"wp-block-button__link has-black-color has-luminous-vivid-amber-background-color has-text-color has-background has-link-color wp-element-button\" href=\"https:\/\/malumiwanga.com\/?page_id=662&amp;lang=en\"><strong>Habibi Photo gallery<\/strong><\/a><\/div>\n<\/div>\n\n\n\n<h2 class=\"wp-block-heading\" id=\"uspechy\"><\/h2>\n\n\n\n<div style=\"height:27px\" aria-hidden=\"true\" class=\"wp-block-spacer\"><\/div>\n\n\n\n<div class=\"wp-block-media-text is-stacked-on-mobile is-vertically-aligned-center\" style=\"grid-template-columns:45% auto\"><figure class=\"wp-block-media-text__media\"><a href=\"https:\/\/malumiwanga.com\/?page_id=634&amp;lang=en\"><img decoding=\"async\" src=\"https:\/\/malumiwanga.com\/wp-content\/uploads\/2024\/01\/Medaila-1-1024x576.png\" alt=\"\" class=\"wp-image-845 size-full\"\/><\/a><\/figure><div class=\"wp-block-media-text__content\">\n<p><strong><mark style=\"background-color:rgba(0, 0, 0, 0)\" class=\"has-inline-color has-white-color\">\u00daspechy<\/mark><\/strong><\/p>\n\n\n\n<div class=\"wp-block-buttons is-layout-flex wp-block-buttons-is-layout-flex\">\n<div class=\"wp-block-button\"><a class=\"wp-block-button__link has-black-color has-luminous-vivid-amber-background-color has-text-color has-background has-link-color wp-element-button\" href=\"https:\/\/malumiwanga.com\/?page_id=634&amp;lang=en\"><strong>HABIBI awards<\/strong><\/a><\/div>\n<\/div>\n<\/div><\/div>\n\n\n\n<hr class=\"wp-block-separator has-alpha-channel-opacity\"\/>\n\n\n\n<div class=\"wp-block-media-text is-stacked-on-mobile is-vertically-aligned-center\" style=\"grid-template-columns:45% auto\"><figure class=\"wp-block-media-text__media\"><a href=\"https:\/\/malumiwanga.com\/?page_id=785&amp;lang=en\"><img loading=\"lazy\" decoding=\"async\" width=\"657\" height=\"323\" src=\"https:\/\/malumiwanga.com\/wp-content\/uploads\/2024\/03\/dokumenty-1.jpg\" alt=\"\" class=\"wp-image-846 size-full\" srcset=\"https:\/\/malumiwanga.com\/wp-content\/uploads\/2024\/03\/dokumenty-1.jpg 657w, https:\/\/malumiwanga.com\/wp-content\/uploads\/2024\/03\/dokumenty-1-300x147.jpg 300w\" sizes=\"auto, (max-width: 657px) 100vw, 657px\" \/><\/a><\/figure><div class=\"wp-block-media-text__content\">\n<p><strong><mark style=\"background-color:rgba(0, 0, 0, 0)\" class=\"has-inline-color has-white-color\">\u00daspechy<\/mark><\/strong><\/p>\n\n\n\n<div class=\"wp-block-buttons is-layout-flex wp-block-buttons-is-layout-flex\">\n<div class=\"wp-block-button\"><a class=\"wp-block-button__link has-black-color has-luminous-vivid-amber-background-color has-text-color has-background has-link-color wp-element-button\" href=\"https:\/\/malumiwanga.com\/?page_id=785&amp;lang=en\"><strong>HABIBI Documents<\/strong><\/a><\/div>\n<\/div>\n<\/div><\/div>\n\n\n\n<hr class=\"wp-block-separator has-alpha-channel-opacity\"\/>\n\n\n\n<div class=\"wp-block-media-text is-stacked-on-mobile is-vertically-aligned-center\" style=\"grid-template-columns:45% auto\"><figure class=\"wp-block-media-text__media\"><a href=\"https:\/\/malumiwanga.com\/?page_id=821&amp;lang=en\"><img loading=\"lazy\" decoding=\"async\" width=\"1024\" height=\"576\" src=\"https:\/\/malumiwanga.com\/wp-content\/uploads\/2024\/03\/genetika-1-1024x576.webp\" alt=\"\" class=\"wp-image-847 size-full\" srcset=\"https:\/\/malumiwanga.com\/wp-content\/uploads\/2024\/03\/genetika-1-1024x576.webp 1024w, https:\/\/malumiwanga.com\/wp-content\/uploads\/2024\/03\/genetika-1-300x169.webp 300w, https:\/\/malumiwanga.com\/wp-content\/uploads\/2024\/03\/genetika-1-768x432.webp 768w, https:\/\/malumiwanga.com\/wp-content\/uploads\/2024\/03\/genetika-1-1536x864.webp 1536w, https:\/\/malumiwanga.com\/wp-content\/uploads\/2024\/03\/genetika-1.webp 1600w\" sizes=\"auto, (max-width: 1024px) 100vw, 1024px\" \/><\/a><\/figure><div class=\"wp-block-media-text__content\">\n<p><strong><mark style=\"background-color:rgba(0, 0, 0, 0)\" class=\"has-inline-color has-white-color\">\u00daspechy<\/mark><\/strong><\/p>\n\n\n\n<div class=\"wp-block-buttons is-layout-flex wp-block-buttons-is-layout-flex\">\n<div class=\"wp-block-button\"><a class=\"wp-block-button__link has-black-color has-luminous-vivid-amber-background-color has-text-color has-background has-link-color wp-element-button\" href=\"https:\/\/malumiwanga.com\/?page_id=821&amp;lang=en\"><strong>HABIBI Genetic tests<\/strong><\/a><\/div>\n<\/div>\n<\/div><\/div>\n\n\n\n<hr class=\"wp-block-separator has-text-color has-luminous-vivid-orange-color has-css-opacity has-luminous-vivid-orange-background-color has-background is-style-wide\"\/>\n\n\n\n<div style=\"height:32px\" aria-hidden=\"true\" class=\"wp-block-spacer\"><\/div>\n\n\n\n<h2 class=\"wp-block-heading\" id=\"xxvi-sv-skchr-velke-ulany-09-10-2021\"><mark style=\"background-color:rgba(0, 0, 0, 0)\" class=\"has-inline-color has-white-color\">Rodokme\u0148<\/mark><\/h2>\n\n\n\n<p><\/p>\n\n\n\n<div class=\"wp-block-group\"><div class=\"wp-block-group__inner-container is-layout-constrained wp-block-group-is-layout-constrained\">\n<figure data-wp-context=\"{&quot;imageId&quot;:&quot;69f33b55f1a19&quot;}\" data-wp-interactive=\"core\/image\" data-wp-key=\"69f33b55f1a19\" class=\"wp-block-image size-full wp-lightbox-container\"><img loading=\"lazy\" decoding=\"async\" width=\"1280\" height=\"720\" data-wp-class--hide=\"state.isContentHidden\" data-wp-class--show=\"state.isContentVisible\" data-wp-init=\"callbacks.setButtonStyles\" data-wp-on--click=\"actions.showLightbox\" data-wp-on--load=\"callbacks.setButtonStyles\" data-wp-on-window--resize=\"callbacks.setButtonStyles\" src=\"https:\/\/malumiwanga.com\/wp-content\/uploads\/2024\/01\/father-1.png\" alt=\"\" class=\"wp-image-650\" srcset=\"https:\/\/malumiwanga.com\/wp-content\/uploads\/2024\/01\/father-1.png 1280w, https:\/\/malumiwanga.com\/wp-content\/uploads\/2024\/01\/father-1-300x169.png 300w, https:\/\/malumiwanga.com\/wp-content\/uploads\/2024\/01\/father-1-1024x576.png 1024w, https:\/\/malumiwanga.com\/wp-content\/uploads\/2024\/01\/father-1-768x432.png 768w\" sizes=\"auto, (max-width: 1280px) 100vw, 1280px\" \/><button\n\t\t\tclass=\"lightbox-trigger\"\n\t\t\ttype=\"button\"\n\t\t\taria-haspopup=\"dialog\"\n\t\t\taria-label=\"Zv\u00e4\u010d\u0161i\u0165\"\n\t\t\tdata-wp-init=\"callbacks.initTriggerButton\"\n\t\t\tdata-wp-on--click=\"actions.showLightbox\"\n\t\t\tdata-wp-style--right=\"state.imageButtonRight\"\n\t\t\tdata-wp-style--top=\"state.imageButtonTop\"\n\t\t>\n\t\t\t<svg xmlns=\"http:\/\/www.w3.org\/2000\/svg\" width=\"12\" height=\"12\" fill=\"none\" viewBox=\"0 0 12 12\">\n\t\t\t\t<path fill=\"#fff\" d=\"M2 0a2 2 0 0 0-2 2v2h1.5V2a.5.5 0 0 1 .5-.5h2V0H2Zm2 10.5H2a.5.5 0 0 1-.5-.5V8H0v2a2 2 0 0 0 2 2h2v-1.5ZM8 12v-1.5h2a.5.5 0 0 0 .5-.5V8H12v2a2 2 0 0 1-2 2H8Zm2-12a2 2 0 0 1 2 2v2h-1.5V2a.5.5 0 0 0-.5-.5H8V0h2Z\" \/>\n\t\t\t<\/svg>\n\t\t<\/button><\/figure>\n\n\n<div class=\"wp-block-image\">\n<figure data-wp-context=\"{&quot;imageId&quot;:&quot;69f33b55f1f46&quot;}\" data-wp-interactive=\"core\/image\" data-wp-key=\"69f33b55f1f46\" class=\"aligncenter size-full wp-lightbox-container\"><img loading=\"lazy\" decoding=\"async\" width=\"420\" height=\"550\" data-wp-class--hide=\"state.isContentHidden\" data-wp-class--show=\"state.isContentVisible\" data-wp-init=\"callbacks.setButtonStyles\" data-wp-on--click=\"actions.showLightbox\" data-wp-on--load=\"callbacks.setButtonStyles\" data-wp-on-window--resize=\"callbacks.setButtonStyles\" src=\"https:\/\/malumiwanga.com\/wp-content\/uploads\/2024\/03\/tata.webp\" alt=\"\" class=\"wp-image-884\" srcset=\"https:\/\/malumiwanga.com\/wp-content\/uploads\/2024\/03\/tata.webp 420w, https:\/\/malumiwanga.com\/wp-content\/uploads\/2024\/03\/tata-229x300.webp 229w\" sizes=\"auto, (max-width: 420px) 100vw, 420px\" \/><button\n\t\t\tclass=\"lightbox-trigger\"\n\t\t\ttype=\"button\"\n\t\t\taria-haspopup=\"dialog\"\n\t\t\taria-label=\"Zv\u00e4\u010d\u0161i\u0165\"\n\t\t\tdata-wp-init=\"callbacks.initTriggerButton\"\n\t\t\tdata-wp-on--click=\"actions.showLightbox\"\n\t\t\tdata-wp-style--right=\"state.imageButtonRight\"\n\t\t\tdata-wp-style--top=\"state.imageButtonTop\"\n\t\t>\n\t\t\t<svg xmlns=\"http:\/\/www.w3.org\/2000\/svg\" width=\"12\" height=\"12\" fill=\"none\" viewBox=\"0 0 12 12\">\n\t\t\t\t<path fill=\"#fff\" d=\"M2 0a2 2 0 0 0-2 2v2h1.5V2a.5.5 0 0 1 .5-.5h2V0H2Zm2 10.5H2a.5.5 0 0 1-.5-.5V8H0v2a2 2 0 0 0 2 2h2v-1.5ZM8 12v-1.5h2a.5.5 0 0 0 .5-.5V8H12v2a2 2 0 0 1-2 2H8Zm2-12a2 2 0 0 1 2 2v2h-1.5V2a.5.5 0 0 0-.5-.5H8V0h2Z\" \/>\n\t\t\t<\/svg>\n\t\t<\/button><\/figure>\n<\/div><\/div><\/div>\n\n\n\n<div class=\"wp-block-buttons is-content-justification-center is-layout-flex wp-container-core-buttons-is-layout-16018d1d wp-block-buttons-is-layout-flex\">\n<div class=\"wp-block-button is-style-outline is-style-outline--1\"><a class=\"wp-block-button__link has-black-color has-luminous-vivid-orange-background-color has-text-color has-background has-link-color wp-element-button\" href=\"https:\/\/www.kchrr.com\/maanhaar-primo-creatus-fateful-benjamin\/\" target=\"_blank\" rel=\"noreferrer noopener\">Father info<\/a><\/div>\n<\/div>\n\n\n\n<hr class=\"wp-block-separator has-text-color has-luminous-vivid-orange-color has-css-opacity has-luminous-vivid-orange-background-color has-background is-style-wide\"\/>\n\n\n\n<figure data-wp-context=\"{&quot;imageId&quot;:&quot;69f33b55f2cb5&quot;}\" data-wp-interactive=\"core\/image\" data-wp-key=\"69f33b55f2cb5\" class=\"wp-block-image size-full wp-lightbox-container\"><img loading=\"lazy\" decoding=\"async\" width=\"1280\" height=\"720\" data-wp-class--hide=\"state.isContentHidden\" data-wp-class--show=\"state.isContentVisible\" data-wp-init=\"callbacks.setButtonStyles\" data-wp-on--click=\"actions.showLightbox\" data-wp-on--load=\"callbacks.setButtonStyles\" data-wp-on-window--resize=\"callbacks.setButtonStyles\" src=\"https:\/\/malumiwanga.com\/wp-content\/uploads\/2024\/03\/Mother.png\" alt=\"\" class=\"wp-image-896\" srcset=\"https:\/\/malumiwanga.com\/wp-content\/uploads\/2024\/03\/Mother.png 1280w, https:\/\/malumiwanga.com\/wp-content\/uploads\/2024\/03\/Mother-300x169.png 300w, https:\/\/malumiwanga.com\/wp-content\/uploads\/2024\/03\/Mother-1024x576.png 1024w, https:\/\/malumiwanga.com\/wp-content\/uploads\/2024\/03\/Mother-768x432.png 768w\" sizes=\"auto, (max-width: 1280px) 100vw, 1280px\" \/><button\n\t\t\tclass=\"lightbox-trigger\"\n\t\t\ttype=\"button\"\n\t\t\taria-haspopup=\"dialog\"\n\t\t\taria-label=\"Zv\u00e4\u010d\u0161i\u0165\"\n\t\t\tdata-wp-init=\"callbacks.initTriggerButton\"\n\t\t\tdata-wp-on--click=\"actions.showLightbox\"\n\t\t\tdata-wp-style--right=\"state.imageButtonRight\"\n\t\t\tdata-wp-style--top=\"state.imageButtonTop\"\n\t\t>\n\t\t\t<svg xmlns=\"http:\/\/www.w3.org\/2000\/svg\" width=\"12\" height=\"12\" fill=\"none\" viewBox=\"0 0 12 12\">\n\t\t\t\t<path fill=\"#fff\" d=\"M2 0a2 2 0 0 0-2 2v2h1.5V2a.5.5 0 0 1 .5-.5h2V0H2Zm2 10.5H2a.5.5 0 0 1-.5-.5V8H0v2a2 2 0 0 0 2 2h2v-1.5ZM8 12v-1.5h2a.5.5 0 0 0 .5-.5V8H12v2a2 2 0 0 1-2 2H8Zm2-12a2 2 0 0 1 2 2v2h-1.5V2a.5.5 0 0 0-.5-.5H8V0h2Z\" \/>\n\t\t\t<\/svg>\n\t\t<\/button><\/figure>\n\n\n<div class=\"wp-block-image\">\n<figure data-wp-context=\"{&quot;imageId&quot;:&quot;69f33b55f3214&quot;}\" data-wp-interactive=\"core\/image\" data-wp-key=\"69f33b55f3214\" class=\"aligncenter size-full wp-lightbox-container\"><img loading=\"lazy\" decoding=\"async\" width=\"411\" height=\"640\" data-wp-class--hide=\"state.isContentHidden\" data-wp-class--show=\"state.isContentVisible\" data-wp-init=\"callbacks.setButtonStyles\" data-wp-on--click=\"actions.showLightbox\" data-wp-on--load=\"callbacks.setButtonStyles\" data-wp-on-window--resize=\"callbacks.setButtonStyles\" src=\"https:\/\/malumiwanga.com\/wp-content\/uploads\/2024\/03\/mama.jpg\" alt=\"\" class=\"wp-image-886\" srcset=\"https:\/\/malumiwanga.com\/wp-content\/uploads\/2024\/03\/mama.jpg 411w, https:\/\/malumiwanga.com\/wp-content\/uploads\/2024\/03\/mama-193x300.jpg 193w\" sizes=\"auto, (max-width: 411px) 100vw, 411px\" \/><button\n\t\t\tclass=\"lightbox-trigger\"\n\t\t\ttype=\"button\"\n\t\t\taria-haspopup=\"dialog\"\n\t\t\taria-label=\"Zv\u00e4\u010d\u0161i\u0165\"\n\t\t\tdata-wp-init=\"callbacks.initTriggerButton\"\n\t\t\tdata-wp-on--click=\"actions.showLightbox\"\n\t\t\tdata-wp-style--right=\"state.imageButtonRight\"\n\t\t\tdata-wp-style--top=\"state.imageButtonTop\"\n\t\t>\n\t\t\t<svg xmlns=\"http:\/\/www.w3.org\/2000\/svg\" width=\"12\" height=\"12\" fill=\"none\" viewBox=\"0 0 12 12\">\n\t\t\t\t<path fill=\"#fff\" d=\"M2 0a2 2 0 0 0-2 2v2h1.5V2a.5.5 0 0 1 .5-.5h2V0H2Zm2 10.5H2a.5.5 0 0 1-.5-.5V8H0v2a2 2 0 0 0 2 2h2v-1.5ZM8 12v-1.5h2a.5.5 0 0 0 .5-.5V8H12v2a2 2 0 0 1-2 2H8Zm2-12a2 2 0 0 1 2 2v2h-1.5V2a.5.5 0 0 0-.5-.5H8V0h2Z\" \/>\n\t\t\t<\/svg>\n\t\t<\/button><\/figure>\n<\/div>\n\n\n<div class=\"wp-block-buttons is-content-justification-center is-layout-flex wp-container-core-buttons-is-layout-16018d1d wp-block-buttons-is-layout-flex\">\n<div class=\"wp-block-button is-style-outline is-style-outline--2\"><a class=\"wp-block-button__link has-black-color has-luminous-vivid-orange-background-color has-text-color has-background has-link-color wp-element-button\" href=\"http:\/\/perlaafriky.kniharstvogeorg.sk\/index.php\/nase-psy\/ellie\" target=\"_blank\" rel=\"noreferrer noopener\">Mother info<\/a><\/div>\n<\/div>\n","protected":false},"excerpt":{"rendered":"<p>Rodokme\u0148<\/p>\n","protected":false},"author":1,"featured_media":0,"parent":0,"menu_order":0,"comment_status":"closed","ping_status":"closed","template":"","meta":{"footnotes":""},"class_list":["post-333","page","type-page","status-publish","hentry"],"_links":{"self":[{"href":"https:\/\/malumiwanga.com\/index.php?rest_route=\/wp\/v2\/pages\/333","targetHints":{"allow":["GET"]}}],"collection":[{"href":"https:\/\/malumiwanga.com\/index.php?rest_route=\/wp\/v2\/pages"}],"about":[{"href":"https:\/\/malumiwanga.com\/index.php?rest_route=\/wp\/v2\/types\/page"}],"author":[{"embeddable":true,"href":"https:\/\/malumiwanga.com\/index.php?rest_route=\/wp\/v2\/users\/1"}],"replies":[{"embeddable":true,"href":"https:\/\/malumiwanga.com\/index.php?rest_route=%2Fwp%2Fv2%2Fcomments&post=333"}],"version-history":[{"count":21,"href":"https:\/\/malumiwanga.com\/index.php?rest_route=\/wp\/v2\/pages\/333\/revisions"}],"predecessor-version":[{"id":1959,"href":"https:\/\/malumiwanga.com\/index.php?rest_route=\/wp\/v2\/pages\/333\/revisions\/1959"}],"wp:attachment":[{"href":"https:\/\/malumiwanga.com\/index.php?rest_route=%2Fwp%2Fv2%2Fmedia&parent=333"}],"curies":[{"name":"wp","href":"https:\/\/api.w.org\/{rel}","templated":true}]}}