{"id":526,"date":"2024-01-25T20:24:12","date_gmt":"2024-01-25T19:24:12","guid":{"rendered":"https:\/\/malumiwanga.com\/?page_id=526"},"modified":"2025-07-08T14:45:13","modified_gmt":"2025-07-08T12:45:13","slug":"habibi-ocenenia","status":"publish","type":"page","link":"https:\/\/malumiwanga.com\/?page_id=526","title":{"rendered":"HABIBI ocenenia"},"content":{"rendered":"\n<h2 class=\"wp-block-heading has-text-align-center has-large-font-size\"><strong>V\u00fdstavy<\/strong><\/h2>\n\n\n\n<ul class=\"wp-block-list\">\n<li><strong>Najkraj\u0161ia mlad\u00e1 hlava &#8211; 1. miesto,<\/strong> <strong>Best BABY, <\/strong><em>\u0160pec. kl. v\u00fdstava SKCHR Ve\u013ek\u00e9 \u00da\u013eany (SK) 9.10.2021, <\/em>Rozhodca Viera Staviarska (SK)<\/li>\n\n\n\n<li><strong>Najkraj\u0161\u00ed RIDGE &#8211; 1. miesto, <\/strong><em>\u0160pec. kl. v\u00fdstava SKCHR Ve\u013ek\u00e9 \u00da\u013eany (SK) 9.10.2021,<\/em> Rozhodca Viera Staviarska (SK)<\/li>\n\n\n\n<li><strong>Excellent<\/strong> &#8211; <em>Nitra (SK) 3.4.2022,<\/em> Rozhodca Viera Staviarska (SK)<\/li>\n\n\n\n<li><strong>V4<\/strong> &#8211; <em>Nitra (SK) 5.5.2022,<\/em> Rozhodca Zdenka Jilkova (CZ)<\/li>\n\n\n\n<li><strong>V3 <\/strong>&#8211; <em>Nitra<em> (SK)<\/em> 6.5.2022,<\/em> Rozhodca Vladim\u00edr Piskay (SK)<\/li>\n\n\n\n<li><strong>V4 <\/strong>&#8211; <em>Nitra <em>(SK) <\/em>6.5.2022,<\/em> Rozhodca Petr Rehanek (CZ)<\/li>\n\n\n\n<li><strong>Excellent<\/strong> &#8211; <em>Klubov\u00e1 v\u00fdstava SKCHR Nem\u0161ov\u00e1 <em>(SK)<\/em>15.5.2022,<\/em> Rozhodca Tomislav Trninic (HR)<\/li>\n\n\n\n<li><strong>Najkraj\u0161ia mlad\u00e1 hlava &#8211; 2. miesto,<\/strong> <em>Klubov\u00e1 v\u00fdstava SKCHR Nem\u0161ov\u00e1 <em>(SK) <\/em>15.5.2022, <\/em>Rozhodca Tomislav Trninic (HR)<\/li>\n\n\n\n<li><strong>Najkraj\u0161\u00ed RIDGE &#8211; 1. miesto <\/strong>&#8211; <em>Klubov\u00e1 v\u00fdstava SKCHR Nem\u0161ov\u00e1<em> (SK)<\/em> 15.5.2022, <\/em>Rozhodca Tomislav Trninic (HR)<\/li>\n\n\n\n<li><strong>V2 <\/strong>&#8211; <em>Rybnik (PL) 27.8.2022,<\/em> Rozhodca Aleksander Skrzynski (PL)<\/li>\n\n\n\n<li><strong>VD3<\/strong> &#8211; Zakopane (PL) 3-4.09.2022, Rozhodca Katarzyna Gazda (PL) <\/li>\n\n\n\n<li><strong>V2 <\/strong>&#8211; <em>\u0160pec. kl. v\u00fdstava SKCHR Ko\u0161\u00faty <em>(SK)<\/em>17.9.2022, <\/em>Rozhodca V. Moyano Gonzalvez (ES)<\/li>\n\n\n\n<li><strong>Najkraj\u0161ia mlad\u00e1 hlava &#8211; 1. miesto,<\/strong> <em>\u0160pec. kl. v\u00fdstava SKCHR Ko\u0161\u00faty <em>(SK) <\/em>17.09.2022,<\/em> Rozhodca V. Moyano Gonzalvez (ES)<\/li>\n\n\n\n<li><strong>V3 <\/strong>&#8211; <em>Budape\u0161t (HU) 9.2.2023,<\/em> Rozhodca Dr. Balogh Zsuzsanna (HU)<\/li>\n\n\n\n<li><strong>V3 <\/strong>&#8211; <em>Medzin\u00e1rodn\u00e1 v\u00fdstava psov KATOWICE &#8211; Gliwice (PL) 11.2.2023,<\/em> Rozhodca Rale Cekic (RS)<\/li>\n\n\n\n<li><strong>Excellent <\/strong>&#8211; <em>Nitra <em>(SK)<\/em>18.2.2023,<\/em> Rozhodca Burunkai Patricia (HU)<\/li>\n\n\n\n<li><strong>V1 CAC, Res. CACIB <\/strong>&#8211; <em>Miskolc Marathon Dogshow (HU) 29.4.2023, <\/em>Rozhodca Dr. Gabriela Ridarcikova (SK)<\/li>\n\n\n\n<li><strong>V2, Res. CAC<\/strong> &#8211; <em>Miskolc Marathon Dogshow (HU) 29.4.2023,<\/em> Rozhodca Mrs. Carmen Navarro Guisado<\/li>\n\n\n\n<li><strong>V1 CAC <\/strong>&#8211; <em>Miskolc Marathon Dogshow (HU) 30.4.2023,<\/em> Rozhodca Mr. Csaba Zsolt Lokodi (HU)<\/li>\n\n\n\n<li><strong>V1 CAC<\/strong> &#8211; <em>Lu\u010denec <em>(SK) <\/em>13.5.2023,<\/em> Rozhodca Petra Vl\u010dek (SK)<\/li>\n\n\n\n<li><strong>V1 CAC<\/strong> &#8211; <em>Lu\u010denec <em>(SK) <\/em>14.5.2023, <\/em>Rozhodca Lenka Frn\u010dov\u00e1 (CZ)<\/li>\n\n\n\n<li><strong>VD<\/strong> &#8211; <em>Klubov\u00e1 v\u00fdstava SKCHR<\/em> Ve\u013ek\u00e9 \u00da\u013eany <em>(SK) <\/em>27.05.2023, Rozhodca Stanislava Janick\u00e1 (CZ)<\/li>\n\n\n\n<li><strong>Excellent <\/strong>&#8211; \u0160peci\u00e1lna <em>Klubov\u00e1 v\u00fdstava SKCHR Vojka nad Dunajom <em>(SK) <\/em>14.10.2023, <\/em>Rozhodca Hana P\u00e1nkov\u00e1 (CZ)<\/li>\n\n\n\n<li><strong>Excellent 3<\/strong> &#8211; <em>11.2.2024 Katowice (PL)<\/em>, Rozhodca: Maria Bruska (PL)<\/li>\n\n\n\n<li><strong>VD<\/strong> &#8211; <em>Klubov\u00e1 v\u00fdstava SKCHR<\/em> Chorv\u00e1tsky Grob <em>(SK) <\/em>19.10.2024, Rozhodca Sara Venturelli (IT)<\/li>\n\n\n\n<li><strong>Excellent <\/strong>&#8211; \u0160peci\u00e1lna <em>Klubov\u00e1 v\u00fdstava<\/em> Chorv\u00e1tsky Grob <em>(SK) <\/em>20.10.2024, Rozhodca Heldi Parsons (GB)<\/li>\n\n\n\n<li><strong>VD &#8211; <\/strong>Nitra (SK) 19.12.2024, Rozhodca Boris \u0160poljari\u010d (HR)<\/li>\n\n\n\n<li><strong>V2 &#8211; <\/strong>Nitra (SK) 20.12.2024, Rozhodca Vladim\u00edr Piskay (SK)<\/li>\n\n\n\n<li><strong>Excellent<\/strong> (top 5) &#8211; European Dog Shows Brno (CZ) 10.4.2025, Rozhodca Hana P\u00e1nkov\u00e1 (CZ) <\/li>\n\n\n\n<li><strong>VD<\/strong> &#8211; <em>Klubov\u00e1 v\u00fdstava SKCHR Vojka nad Dunajom<\/em> <em>(SK) <\/em>10.05.2025, Rozhodca Henk Salm (NL)<\/li>\n\n\n\n<li><strong>V2 Res. CAC &#8211; <\/strong>Ve\u013ek\u00e1 Ida <em>(SK) <\/em>04.07.2025, Rozhodca Pawel Osak (PL) <\/li>\n\n\n\n<li><strong>V2 Res. CAC<\/strong> &#8211; Ve\u013ek\u00e1 Ida <em>(SK) <\/em>05.07.2025, Rozhodca Kristina Tar (UA)<\/li>\n\n\n\n<li><strong>V1 CAC <\/strong>&#8211; Wisla (PL) 6.7.2025, Rozhodca Iwona Luczak (PL)<\/li>\n<\/ul>\n\n\n<div class=\"wp-block-image\">\n<figure class=\"aligncenter size-medium\"><img loading=\"lazy\" decoding=\"async\" width=\"300\" height=\"169\" src=\"https:\/\/malumiwanga.com\/wp-content\/uploads\/2024\/01\/Medaila-1-300x169.png\" alt=\"\" class=\"wp-image-271\"\/><\/figure>\n<\/div>\n\n\n<p><\/p>\n","protected":false},"excerpt":{"rendered":"<p>V\u00fdstavy<\/p>\n","protected":false},"author":1,"featured_media":0,"parent":0,"menu_order":0,"comment_status":"closed","ping_status":"closed","template":"","meta":{"footnotes":""},"class_list":["post-526","page","type-page","status-publish","hentry"],"_links":{"self":[{"href":"https:\/\/malumiwanga.com\/index.php?rest_route=\/wp\/v2\/pages\/526","targetHints":{"allow":["GET"]}}],"collection":[{"href":"https:\/\/malumiwanga.com\/index.php?rest_route=\/wp\/v2\/pages"}],"about":[{"href":"https:\/\/malumiwanga.com\/index.php?rest_route=\/wp\/v2\/types\/page"}],"author":[{"embeddable":true,"href":"https:\/\/malumiwanga.com\/index.php?rest_route=\/wp\/v2\/users\/1"}],"replies":[{"embeddable":true,"href":"https:\/\/malumiwanga.com\/index.php?rest_route=%2Fwp%2Fv2%2Fcomments&post=526"}],"version-history":[{"count":6,"href":"https:\/\/malumiwanga.com\/index.php?rest_route=\/wp\/v2\/pages\/526\/revisions"}],"predecessor-version":[{"id":1989,"href":"https:\/\/malumiwanga.com\/index.php?rest_route=\/wp\/v2\/pages\/526\/revisions\/1989"}],"wp:attachment":[{"href":"https:\/\/malumiwanga.com\/index.php?rest_route=%2Fwp%2Fv2%2Fmedia&parent=526"}],"curies":[{"name":"wp","href":"https:\/\/api.w.org\/{rel}","templated":true}]}}