{"id":707,"date":"2024-01-26T17:10:06","date_gmt":"2024-01-26T16:10:06","guid":{"rendered":"https:\/\/malumiwanga.com\/?page_id=707"},"modified":"2025-07-08T12:19:29","modified_gmt":"2025-07-08T10:19:29","slug":"titi-lakota-lowenschvanz","status":"publish","type":"page","link":"https:\/\/malumiwanga.com\/?page_id=707","title":{"rendered":"TITI Lakota L\u00f6wenschwanz"},"content":{"rendered":"\n<figure class=\"wp-block-image size-full\"><img loading=\"lazy\" decoding=\"async\" width=\"768\" height=\"847\" src=\"https:\/\/malumiwanga.com\/wp-content\/uploads\/2024\/01\/1623052322897-1.jpg\" alt=\"\" class=\"wp-image-263\" srcset=\"https:\/\/malumiwanga.com\/wp-content\/uploads\/2024\/01\/1623052322897-1.jpg 768w, https:\/\/malumiwanga.com\/wp-content\/uploads\/2024\/01\/1623052322897-1-272x300.jpg 272w\" sizes=\"auto, (max-width: 768px) 100vw, 768px\" \/><\/figure>\n\n\n<p>TITI m\u00e1 dnes 5 rokov \/ 8 mesiacov \/ 21 dn\u00ed.<\/p>\n\n\n\n<ul class=\"wp-block-list\">\n<li><strong>Pohlavie<\/strong>: suka<\/li>\n\n\n\n<li><strong>Naroden\u00e1<\/strong>: 25.07.2020<\/li>\n\n\n\n<li><strong>Chovn\u00e1 sp\u00f4sobilos\u0165:<\/strong> <strong><mark style=\"background-color:rgba(0, 0, 0, 0)\" class=\"has-inline-color has-vivid-red-color\">NE\u0160TANDARD<\/mark><\/strong><\/li>\n\n\n\n<li><strong>Farba:<\/strong> \u010derven\u00e1 p\u0161eni\u010dn\u00e1<\/li>\n\n\n\n<li><strong>Druh srsti: <\/strong>kr\u00e1tka<\/li>\n\n\n\n<li><strong>Otec<\/strong>: LASHAWN LAKOTA L\u00f6wenschwanz<\/li>\n\n\n\n<li><strong>Matka<\/strong>: NKOSAZANA LAKOTA L\u00f6wenschwanz<\/li>\n<\/ul>\n\n\n\n<div class=\"wp-block-buttons is-layout-flex wp-block-buttons-is-layout-flex\">\n<div class=\"wp-block-button is-style-outline is-style-outline--1\"><a class=\"wp-block-button__link has-vivid-red-color has-luminous-vivid-amber-background-color has-text-color has-background has-link-color has-medium-font-size has-custom-font-size wp-element-button\" href=\"https:\/\/malumiwanga.com\/?page_id=1880\"><strong>TITI gal\u00e9ria<\/strong><\/a><\/div>\n<\/div>\n\n\n\n<p><\/p>\n","protected":false},"excerpt":{"rendered":"","protected":false},"author":1,"featured_media":0,"parent":0,"menu_order":0,"comment_status":"closed","ping_status":"closed","template":"","meta":{"footnotes":""},"class_list":["post-707","page","type-page","status-publish","hentry"],"_links":{"self":[{"href":"https:\/\/malumiwanga.com\/index.php?rest_route=\/wp\/v2\/pages\/707","targetHints":{"allow":["GET"]}}],"collection":[{"href":"https:\/\/malumiwanga.com\/index.php?rest_route=\/wp\/v2\/pages"}],"about":[{"href":"https:\/\/malumiwanga.com\/index.php?rest_route=\/wp\/v2\/types\/page"}],"author":[{"embeddable":true,"href":"https:\/\/malumiwanga.com\/index.php?rest_route=\/wp\/v2\/users\/1"}],"replies":[{"embeddable":true,"href":"https:\/\/malumiwanga.com\/index.php?rest_route=%2Fwp%2Fv2%2Fcomments&post=707"}],"version-history":[{"count":17,"href":"https:\/\/malumiwanga.com\/index.php?rest_route=\/wp\/v2\/pages\/707\/revisions"}],"predecessor-version":[{"id":1918,"href":"https:\/\/malumiwanga.com\/index.php?rest_route=\/wp\/v2\/pages\/707\/revisions\/1918"}],"wp:attachment":[{"href":"https:\/\/malumiwanga.com\/index.php?rest_route=%2Fwp%2Fv2%2Fmedia&parent=707"}],"curies":[{"name":"wp","href":"https:\/\/api.w.org\/{rel}","templated":true}]}}