{"id":783,"date":"2024-03-05T18:55:39","date_gmt":"2024-03-05T17:55:39","guid":{"rendered":"https:\/\/malumiwanga.com\/?page_id=783"},"modified":"2024-03-27T11:21:21","modified_gmt":"2024-03-27T10:21:21","slug":"dokumenty","status":"publish","type":"page","link":"https:\/\/malumiwanga.com\/?page_id=783","title":{"rendered":"Dokumenty"},"content":{"rendered":"\n<figure data-wp-context=\"{&quot;imageId&quot;:&quot;69ddfa974f931&quot;}\" data-wp-interactive=\"core\/image\" data-wp-key=\"69ddfa974f931\" class=\"wp-block-image size-large wp-lightbox-container\"><img loading=\"lazy\" decoding=\"async\" width=\"1024\" height=\"745\" data-wp-class--hide=\"state.isContentHidden\" data-wp-class--show=\"state.isContentVisible\" data-wp-init=\"callbacks.setButtonStyles\" data-wp-on--click=\"actions.showLightbox\" data-wp-on--load=\"callbacks.setButtonStyles\" data-wp-on-window--resize=\"callbacks.setButtonStyles\" src=\"https:\/\/malumiwanga.com\/wp-content\/uploads\/2024\/03\/Preukaz-predok-1024x745.png\" alt=\"\" class=\"wp-image-937\" srcset=\"https:\/\/malumiwanga.com\/wp-content\/uploads\/2024\/03\/Preukaz-predok-1024x745.png 1024w, https:\/\/malumiwanga.com\/wp-content\/uploads\/2024\/03\/Preukaz-predok-300x218.png 300w, https:\/\/malumiwanga.com\/wp-content\/uploads\/2024\/03\/Preukaz-predok-768x558.png 768w, https:\/\/malumiwanga.com\/wp-content\/uploads\/2024\/03\/Preukaz-predok-1536x1117.png 1536w, https:\/\/malumiwanga.com\/wp-content\/uploads\/2024\/03\/Preukaz-predok.png 1755w\" sizes=\"auto, (max-width: 1024px) 100vw, 1024px\" \/><button\n\t\t\tclass=\"lightbox-trigger\"\n\t\t\ttype=\"button\"\n\t\t\taria-haspopup=\"dialog\"\n\t\t\taria-label=\"Zv\u00e4\u010d\u0161i\u0165\"\n\t\t\tdata-wp-init=\"callbacks.initTriggerButton\"\n\t\t\tdata-wp-on--click=\"actions.showLightbox\"\n\t\t\tdata-wp-style--right=\"state.imageButtonRight\"\n\t\t\tdata-wp-style--top=\"state.imageButtonTop\"\n\t\t>\n\t\t\t<svg xmlns=\"http:\/\/www.w3.org\/2000\/svg\" width=\"12\" height=\"12\" fill=\"none\" viewBox=\"0 0 12 12\">\n\t\t\t\t<path fill=\"#fff\" d=\"M2 0a2 2 0 0 0-2 2v2h1.5V2a.5.5 0 0 1 .5-.5h2V0H2Zm2 10.5H2a.5.5 0 0 1-.5-.5V8H0v2a2 2 0 0 0 2 2h2v-1.5ZM8 12v-1.5h2a.5.5 0 0 0 .5-.5V8H12v2a2 2 0 0 1-2 2H8Zm2-12a2 2 0 0 1 2 2v2h-1.5V2a.5.5 0 0 0-.5-.5H8V0h2Z\" \/>\n\t\t\t<\/svg>\n\t\t<\/button><\/figure>\n\n\n\n<figure data-wp-context=\"{&quot;imageId&quot;:&quot;69ddfa974ff62&quot;}\" data-wp-interactive=\"core\/image\" data-wp-key=\"69ddfa974ff62\" class=\"wp-block-image size-large wp-lightbox-container\"><img loading=\"lazy\" decoding=\"async\" width=\"1024\" height=\"745\" data-wp-class--hide=\"state.isContentHidden\" data-wp-class--show=\"state.isContentVisible\" data-wp-init=\"callbacks.setButtonStyles\" data-wp-on--click=\"actions.showLightbox\" data-wp-on--load=\"callbacks.setButtonStyles\" data-wp-on-window--resize=\"callbacks.setButtonStyles\" src=\"https:\/\/malumiwanga.com\/wp-content\/uploads\/2024\/03\/Preukaz-zadok-1024x745.png\" alt=\"\" class=\"wp-image-938\" srcset=\"https:\/\/malumiwanga.com\/wp-content\/uploads\/2024\/03\/Preukaz-zadok-1024x745.png 1024w, https:\/\/malumiwanga.com\/wp-content\/uploads\/2024\/03\/Preukaz-zadok-300x218.png 300w, https:\/\/malumiwanga.com\/wp-content\/uploads\/2024\/03\/Preukaz-zadok-768x558.png 768w, https:\/\/malumiwanga.com\/wp-content\/uploads\/2024\/03\/Preukaz-zadok-1536x1117.png 1536w, https:\/\/malumiwanga.com\/wp-content\/uploads\/2024\/03\/Preukaz-zadok.png 1755w\" sizes=\"auto, (max-width: 1024px) 100vw, 1024px\" \/><button\n\t\t\tclass=\"lightbox-trigger\"\n\t\t\ttype=\"button\"\n\t\t\taria-haspopup=\"dialog\"\n\t\t\taria-label=\"Zv\u00e4\u010d\u0161i\u0165\"\n\t\t\tdata-wp-init=\"callbacks.initTriggerButton\"\n\t\t\tdata-wp-on--click=\"actions.showLightbox\"\n\t\t\tdata-wp-style--right=\"state.imageButtonRight\"\n\t\t\tdata-wp-style--top=\"state.imageButtonTop\"\n\t\t>\n\t\t\t<svg xmlns=\"http:\/\/www.w3.org\/2000\/svg\" width=\"12\" height=\"12\" fill=\"none\" viewBox=\"0 0 12 12\">\n\t\t\t\t<path fill=\"#fff\" d=\"M2 0a2 2 0 0 0-2 2v2h1.5V2a.5.5 0 0 1 .5-.5h2V0H2Zm2 10.5H2a.5.5 0 0 1-.5-.5V8H0v2a2 2 0 0 0 2 2h2v-1.5ZM8 12v-1.5h2a.5.5 0 0 0 .5-.5V8H12v2a2 2 0 0 1-2 2H8Zm2-12a2 2 0 0 1 2 2v2h-1.5V2a.5.5 0 0 0-.5-.5H8V0h2Z\" \/>\n\t\t\t<\/svg>\n\t\t<\/button><\/figure>\n\n\n\n<figure data-wp-context=\"{&quot;imageId&quot;:&quot;69ddfa975052f&quot;}\" data-wp-interactive=\"core\/image\" data-wp-key=\"69ddfa975052f\" class=\"wp-block-image size-large wp-lightbox-container\"><img loading=\"lazy\" decoding=\"async\" width=\"745\" height=\"1024\" data-wp-class--hide=\"state.isContentHidden\" data-wp-class--show=\"state.isContentVisible\" data-wp-init=\"callbacks.setButtonStyles\" data-wp-on--click=\"actions.showLightbox\" data-wp-on--load=\"callbacks.setButtonStyles\" data-wp-on-window--resize=\"callbacks.setButtonStyles\" src=\"https:\/\/malumiwanga.com\/wp-content\/uploads\/2024\/03\/Bonitation1-745x1024.jpeg\" alt=\"\" class=\"wp-image-780\" srcset=\"https:\/\/malumiwanga.com\/wp-content\/uploads\/2024\/03\/Bonitation1-745x1024.jpeg 745w, https:\/\/malumiwanga.com\/wp-content\/uploads\/2024\/03\/Bonitation1-218x300.jpeg 218w, https:\/\/malumiwanga.com\/wp-content\/uploads\/2024\/03\/Bonitation1-768x1056.jpeg 768w, https:\/\/malumiwanga.com\/wp-content\/uploads\/2024\/03\/Bonitation1-1117x1536.jpeg 1117w, https:\/\/malumiwanga.com\/wp-content\/uploads\/2024\/03\/Bonitation1-1489x2048.jpeg 1489w, https:\/\/malumiwanga.com\/wp-content\/uploads\/2024\/03\/Bonitation1-scaled.jpeg 1861w\" sizes=\"auto, (max-width: 745px) 100vw, 745px\" \/><button\n\t\t\tclass=\"lightbox-trigger\"\n\t\t\ttype=\"button\"\n\t\t\taria-haspopup=\"dialog\"\n\t\t\taria-label=\"Zv\u00e4\u010d\u0161i\u0165\"\n\t\t\tdata-wp-init=\"callbacks.initTriggerButton\"\n\t\t\tdata-wp-on--click=\"actions.showLightbox\"\n\t\t\tdata-wp-style--right=\"state.imageButtonRight\"\n\t\t\tdata-wp-style--top=\"state.imageButtonTop\"\n\t\t>\n\t\t\t<svg xmlns=\"http:\/\/www.w3.org\/2000\/svg\" width=\"12\" height=\"12\" fill=\"none\" viewBox=\"0 0 12 12\">\n\t\t\t\t<path fill=\"#fff\" d=\"M2 0a2 2 0 0 0-2 2v2h1.5V2a.5.5 0 0 1 .5-.5h2V0H2Zm2 10.5H2a.5.5 0 0 1-.5-.5V8H0v2a2 2 0 0 0 2 2h2v-1.5ZM8 12v-1.5h2a.5.5 0 0 0 .5-.5V8H12v2a2 2 0 0 1-2 2H8Zm2-12a2 2 0 0 1 2 2v2h-1.5V2a.5.5 0 0 0-.5-.5H8V0h2Z\" \/>\n\t\t\t<\/svg>\n\t\t<\/button><\/figure>\n\n\n\n<figure data-wp-context=\"{&quot;imageId&quot;:&quot;69ddfa9750a59&quot;}\" data-wp-interactive=\"core\/image\" data-wp-key=\"69ddfa9750a59\" class=\"wp-block-image size-large wp-lightbox-container\"><img loading=\"lazy\" decoding=\"async\" width=\"745\" height=\"1024\" data-wp-class--hide=\"state.isContentHidden\" data-wp-class--show=\"state.isContentVisible\" data-wp-init=\"callbacks.setButtonStyles\" data-wp-on--click=\"actions.showLightbox\" data-wp-on--load=\"callbacks.setButtonStyles\" data-wp-on-window--resize=\"callbacks.setButtonStyles\" src=\"https:\/\/malumiwanga.com\/wp-content\/uploads\/2024\/03\/Bonitation2-745x1024.jpeg\" alt=\"\" class=\"wp-image-782\" srcset=\"https:\/\/malumiwanga.com\/wp-content\/uploads\/2024\/03\/Bonitation2-745x1024.jpeg 745w, https:\/\/malumiwanga.com\/wp-content\/uploads\/2024\/03\/Bonitation2-218x300.jpeg 218w, https:\/\/malumiwanga.com\/wp-content\/uploads\/2024\/03\/Bonitation2-768x1056.jpeg 768w, https:\/\/malumiwanga.com\/wp-content\/uploads\/2024\/03\/Bonitation2-1117x1536.jpeg 1117w, https:\/\/malumiwanga.com\/wp-content\/uploads\/2024\/03\/Bonitation2-1489x2048.jpeg 1489w, https:\/\/malumiwanga.com\/wp-content\/uploads\/2024\/03\/Bonitation2-scaled.jpeg 1861w\" sizes=\"auto, (max-width: 745px) 100vw, 745px\" \/><button\n\t\t\tclass=\"lightbox-trigger\"\n\t\t\ttype=\"button\"\n\t\t\taria-haspopup=\"dialog\"\n\t\t\taria-label=\"Zv\u00e4\u010d\u0161i\u0165\"\n\t\t\tdata-wp-init=\"callbacks.initTriggerButton\"\n\t\t\tdata-wp-on--click=\"actions.showLightbox\"\n\t\t\tdata-wp-style--right=\"state.imageButtonRight\"\n\t\t\tdata-wp-style--top=\"state.imageButtonTop\"\n\t\t>\n\t\t\t<svg xmlns=\"http:\/\/www.w3.org\/2000\/svg\" width=\"12\" height=\"12\" fill=\"none\" viewBox=\"0 0 12 12\">\n\t\t\t\t<path fill=\"#fff\" d=\"M2 0a2 2 0 0 0-2 2v2h1.5V2a.5.5 0 0 1 .5-.5h2V0H2Zm2 10.5H2a.5.5 0 0 1-.5-.5V8H0v2a2 2 0 0 0 2 2h2v-1.5ZM8 12v-1.5h2a.5.5 0 0 0 .5-.5V8H12v2a2 2 0 0 1-2 2H8Zm2-12a2 2 0 0 1 2 2v2h-1.5V2a.5.5 0 0 0-.5-.5H8V0h2Z\" \/>\n\t\t\t<\/svg>\n\t\t<\/button><\/figure>\n\n\n\n<figure data-wp-context=\"{&quot;imageId&quot;:&quot;69ddfa9750f89&quot;}\" data-wp-interactive=\"core\/image\" data-wp-key=\"69ddfa9750f89\" class=\"wp-block-image size-large wp-lightbox-container\"><img loading=\"lazy\" decoding=\"async\" width=\"745\" height=\"1024\" data-wp-class--hide=\"state.isContentHidden\" data-wp-class--show=\"state.isContentVisible\" data-wp-init=\"callbacks.setButtonStyles\" data-wp-on--click=\"actions.showLightbox\" data-wp-on--load=\"callbacks.setButtonStyles\" data-wp-on-window--resize=\"callbacks.setButtonStyles\" src=\"https:\/\/malumiwanga.com\/wp-content\/uploads\/2024\/03\/Chrup-745x1024.jpeg\" alt=\"\" class=\"wp-image-781\" srcset=\"https:\/\/malumiwanga.com\/wp-content\/uploads\/2024\/03\/Chrup-745x1024.jpeg 745w, https:\/\/malumiwanga.com\/wp-content\/uploads\/2024\/03\/Chrup-218x300.jpeg 218w, https:\/\/malumiwanga.com\/wp-content\/uploads\/2024\/03\/Chrup-768x1056.jpeg 768w, https:\/\/malumiwanga.com\/wp-content\/uploads\/2024\/03\/Chrup-1117x1536.jpeg 1117w, https:\/\/malumiwanga.com\/wp-content\/uploads\/2024\/03\/Chrup-1489x2048.jpeg 1489w, https:\/\/malumiwanga.com\/wp-content\/uploads\/2024\/03\/Chrup-scaled.jpeg 1861w\" sizes=\"auto, (max-width: 745px) 100vw, 745px\" \/><button\n\t\t\tclass=\"lightbox-trigger\"\n\t\t\ttype=\"button\"\n\t\t\taria-haspopup=\"dialog\"\n\t\t\taria-label=\"Zv\u00e4\u010d\u0161i\u0165\"\n\t\t\tdata-wp-init=\"callbacks.initTriggerButton\"\n\t\t\tdata-wp-on--click=\"actions.showLightbox\"\n\t\t\tdata-wp-style--right=\"state.imageButtonRight\"\n\t\t\tdata-wp-style--top=\"state.imageButtonTop\"\n\t\t>\n\t\t\t<svg xmlns=\"http:\/\/www.w3.org\/2000\/svg\" width=\"12\" height=\"12\" fill=\"none\" viewBox=\"0 0 12 12\">\n\t\t\t\t<path fill=\"#fff\" d=\"M2 0a2 2 0 0 0-2 2v2h1.5V2a.5.5 0 0 1 .5-.5h2V0H2Zm2 10.5H2a.5.5 0 0 1-.5-.5V8H0v2a2 2 0 0 0 2 2h2v-1.5ZM8 12v-1.5h2a.5.5 0 0 0 .5-.5V8H12v2a2 2 0 0 1-2 2H8Zm2-12a2 2 0 0 1 2 2v2h-1.5V2a.5.5 0 0 0-.5-.5H8V0h2Z\" \/>\n\t\t\t<\/svg>\n\t\t<\/button><\/figure>\n\n\n\n<figure data-wp-context=\"{&quot;imageId&quot;:&quot;69ddfa975151d&quot;}\" data-wp-interactive=\"core\/image\" data-wp-key=\"69ddfa975151d\" class=\"wp-block-image size-large wp-lightbox-container\"><img loading=\"lazy\" decoding=\"async\" width=\"745\" height=\"1024\" data-wp-class--hide=\"state.isContentHidden\" data-wp-class--show=\"state.isContentVisible\" data-wp-init=\"callbacks.setButtonStyles\" data-wp-on--click=\"actions.showLightbox\" data-wp-on--load=\"callbacks.setButtonStyles\" data-wp-on-window--resize=\"callbacks.setButtonStyles\" src=\"https:\/\/malumiwanga.com\/wp-content\/uploads\/2024\/03\/RTG1-745x1024.jpeg\" alt=\"\" class=\"wp-image-777\" srcset=\"https:\/\/malumiwanga.com\/wp-content\/uploads\/2024\/03\/RTG1-745x1024.jpeg 745w, https:\/\/malumiwanga.com\/wp-content\/uploads\/2024\/03\/RTG1-218x300.jpeg 218w, https:\/\/malumiwanga.com\/wp-content\/uploads\/2024\/03\/RTG1-768x1056.jpeg 768w, https:\/\/malumiwanga.com\/wp-content\/uploads\/2024\/03\/RTG1-1117x1536.jpeg 1117w, https:\/\/malumiwanga.com\/wp-content\/uploads\/2024\/03\/RTG1-1489x2048.jpeg 1489w, https:\/\/malumiwanga.com\/wp-content\/uploads\/2024\/03\/RTG1-scaled.jpeg 1861w\" sizes=\"auto, (max-width: 745px) 100vw, 745px\" \/><button\n\t\t\tclass=\"lightbox-trigger\"\n\t\t\ttype=\"button\"\n\t\t\taria-haspopup=\"dialog\"\n\t\t\taria-label=\"Zv\u00e4\u010d\u0161i\u0165\"\n\t\t\tdata-wp-init=\"callbacks.initTriggerButton\"\n\t\t\tdata-wp-on--click=\"actions.showLightbox\"\n\t\t\tdata-wp-style--right=\"state.imageButtonRight\"\n\t\t\tdata-wp-style--top=\"state.imageButtonTop\"\n\t\t>\n\t\t\t<svg xmlns=\"http:\/\/www.w3.org\/2000\/svg\" width=\"12\" height=\"12\" fill=\"none\" viewBox=\"0 0 12 12\">\n\t\t\t\t<path fill=\"#fff\" d=\"M2 0a2 2 0 0 0-2 2v2h1.5V2a.5.5 0 0 1 .5-.5h2V0H2Zm2 10.5H2a.5.5 0 0 1-.5-.5V8H0v2a2 2 0 0 0 2 2h2v-1.5ZM8 12v-1.5h2a.5.5 0 0 0 .5-.5V8H12v2a2 2 0 0 1-2 2H8Zm2-12a2 2 0 0 1 2 2v2h-1.5V2a.5.5 0 0 0-.5-.5H8V0h2Z\" \/>\n\t\t\t<\/svg>\n\t\t<\/button><\/figure>\n\n\n\n<figure data-wp-context=\"{&quot;imageId&quot;:&quot;69ddfa9751a66&quot;}\" data-wp-interactive=\"core\/image\" data-wp-key=\"69ddfa9751a66\" class=\"wp-block-image size-large wp-lightbox-container\"><img loading=\"lazy\" decoding=\"async\" width=\"745\" height=\"1024\" data-wp-class--hide=\"state.isContentHidden\" data-wp-class--show=\"state.isContentVisible\" data-wp-init=\"callbacks.setButtonStyles\" data-wp-on--click=\"actions.showLightbox\" data-wp-on--load=\"callbacks.setButtonStyles\" data-wp-on-window--resize=\"callbacks.setButtonStyles\" src=\"https:\/\/malumiwanga.com\/wp-content\/uploads\/2024\/03\/RTG2-745x1024.jpeg\" alt=\"\" class=\"wp-image-776\" srcset=\"https:\/\/malumiwanga.com\/wp-content\/uploads\/2024\/03\/RTG2-745x1024.jpeg 745w, https:\/\/malumiwanga.com\/wp-content\/uploads\/2024\/03\/RTG2-218x300.jpeg 218w, https:\/\/malumiwanga.com\/wp-content\/uploads\/2024\/03\/RTG2-768x1056.jpeg 768w, https:\/\/malumiwanga.com\/wp-content\/uploads\/2024\/03\/RTG2-1117x1536.jpeg 1117w, https:\/\/malumiwanga.com\/wp-content\/uploads\/2024\/03\/RTG2-1489x2048.jpeg 1489w, https:\/\/malumiwanga.com\/wp-content\/uploads\/2024\/03\/RTG2-scaled.jpeg 1861w\" sizes=\"auto, (max-width: 745px) 100vw, 745px\" \/><button\n\t\t\tclass=\"lightbox-trigger\"\n\t\t\ttype=\"button\"\n\t\t\taria-haspopup=\"dialog\"\n\t\t\taria-label=\"Zv\u00e4\u010d\u0161i\u0165\"\n\t\t\tdata-wp-init=\"callbacks.initTriggerButton\"\n\t\t\tdata-wp-on--click=\"actions.showLightbox\"\n\t\t\tdata-wp-style--right=\"state.imageButtonRight\"\n\t\t\tdata-wp-style--top=\"state.imageButtonTop\"\n\t\t>\n\t\t\t<svg xmlns=\"http:\/\/www.w3.org\/2000\/svg\" width=\"12\" height=\"12\" fill=\"none\" viewBox=\"0 0 12 12\">\n\t\t\t\t<path fill=\"#fff\" d=\"M2 0a2 2 0 0 0-2 2v2h1.5V2a.5.5 0 0 1 .5-.5h2V0H2Zm2 10.5H2a.5.5 0 0 1-.5-.5V8H0v2a2 2 0 0 0 2 2h2v-1.5ZM8 12v-1.5h2a.5.5 0 0 0 .5-.5V8H12v2a2 2 0 0 1-2 2H8Zm2-12a2 2 0 0 1 2 2v2h-1.5V2a.5.5 0 0 0-.5-.5H8V0h2Z\" \/>\n\t\t\t<\/svg>\n\t\t<\/button><\/figure>\n","protected":false},"excerpt":{"rendered":"","protected":false},"author":1,"featured_media":0,"parent":0,"menu_order":0,"comment_status":"closed","ping_status":"closed","template":"","meta":{"footnotes":""},"class_list":["post-783","page","type-page","status-publish","hentry"],"_links":{"self":[{"href":"https:\/\/malumiwanga.com\/index.php?rest_route=\/wp\/v2\/pages\/783","targetHints":{"allow":["GET"]}}],"collection":[{"href":"https:\/\/malumiwanga.com\/index.php?rest_route=\/wp\/v2\/pages"}],"about":[{"href":"https:\/\/malumiwanga.com\/index.php?rest_route=\/wp\/v2\/types\/page"}],"author":[{"embeddable":true,"href":"https:\/\/malumiwanga.com\/index.php?rest_route=\/wp\/v2\/users\/1"}],"replies":[{"embeddable":true,"href":"https:\/\/malumiwanga.com\/index.php?rest_route=%2Fwp%2Fv2%2Fcomments&post=783"}],"version-history":[{"count":4,"href":"https:\/\/malumiwanga.com\/index.php?rest_route=\/wp\/v2\/pages\/783\/revisions"}],"predecessor-version":[{"id":939,"href":"https:\/\/malumiwanga.com\/index.php?rest_route=\/wp\/v2\/pages\/783\/revisions\/939"}],"wp:attachment":[{"href":"https:\/\/malumiwanga.com\/index.php?rest_route=%2Fwp%2Fv2%2Fmedia&parent=783"}],"curies":[{"name":"wp","href":"https:\/\/api.w.org\/{rel}","templated":true}]}}